{"id":125,"date":"2018-07-10T10:54:00","date_gmt":"2018-07-10T08:54:00","guid":{"rendered":"http:\/\/hautes-alpes-rugby.fr\/?page_id=125"},"modified":"2022-10-21T18:21:46","modified_gmt":"2022-10-21T16:21:46","slug":"saint-joseph","status":"publish","type":"page","link":"https:\/\/hautes-alpes-rugby.fr\/?page_id=125","title":{"rendered":"SECTIONS SPORTIVES"},"content":{"rendered":"<p><img loading=\"lazy\" decoding=\"async\" class=\"wp-image-1573 size-medium alignright\" src=\"https:\/\/hautes-alpes-rugby.fr\/wp-content\/uploads\/2022\/10\/2-300x300.png\" alt=\"\" width=\"300\" height=\"300\" srcset=\"https:\/\/hautes-alpes-rugby.fr\/wp-content\/uploads\/2022\/10\/2-300x300.png 300w, https:\/\/hautes-alpes-rugby.fr\/wp-content\/uploads\/2022\/10\/2-150x150.png 150w, https:\/\/hautes-alpes-rugby.fr\/wp-content\/uploads\/2022\/10\/2-100x100.png 100w, https:\/\/hautes-alpes-rugby.fr\/wp-content\/uploads\/2022\/10\/2.png 500w\" sizes=\"auto, (max-width: 300px) 100vw, 300px\" \/><\/p>\n<h2><strong>Sections Sportives RUGBY dans les Hautes Alpes<\/strong><\/h2>\n<h2><strong>Coll\u00e8ge Lyc\u00e9e St Joseph \u00e0 Gap<\/strong><\/h2>\n<p><img loading=\"lazy\" decoding=\"async\" class=\"size-medium wp-image-1450 aligncenter\" src=\"https:\/\/hautes-alpes-rugby.fr\/wp-content\/uploads\/2022\/02\/St-Joseph-300x132.jpg\" alt=\"\" width=\"300\" height=\"132\" srcset=\"https:\/\/hautes-alpes-rugby.fr\/wp-content\/uploads\/2022\/02\/St-Joseph-300x132.jpg 300w, https:\/\/hautes-alpes-rugby.fr\/wp-content\/uploads\/2022\/02\/St-Joseph-768x339.jpg 768w, https:\/\/hautes-alpes-rugby.fr\/wp-content\/uploads\/2022\/02\/St-Joseph.jpg 918w\" sizes=\"auto, (max-width: 300px) 100vw, 300px\" \/><\/p>\n<h2><strong>Coll\u00e8ge de Fontreyne \u00e0 Gap<\/strong><\/h2>\n<p><img loading=\"lazy\" decoding=\"async\" class=\"size-medium wp-image-1446 aligncenter\" src=\"https:\/\/hautes-alpes-rugby.fr\/wp-content\/uploads\/2022\/02\/Fontreyne-300x129.jpg\" alt=\"\" width=\"300\" height=\"129\" srcset=\"https:\/\/hautes-alpes-rugby.fr\/wp-content\/uploads\/2022\/02\/Fontreyne-300x129.jpg 300w, https:\/\/hautes-alpes-rugby.fr\/wp-content\/uploads\/2022\/02\/Fontreyne-768x331.jpg 768w, https:\/\/hautes-alpes-rugby.fr\/wp-content\/uploads\/2022\/02\/Fontreyne.jpg 872w\" sizes=\"auto, (max-width: 300px) 100vw, 300px\" \/><\/p>\n<p>\u00a0<\/p>\n\n\n<p><\/p>\n","protected":false},"excerpt":{"rendered":"<p>Sections Sportives RUGBY dans les Hautes Alpes Coll\u00e8ge Lyc\u00e9e St Joseph \u00e0 Gap Coll\u00e8ge de Fontreyne \u00e0 Gap \u00a0<\/p>\n","protected":false},"author":1,"featured_media":0,"parent":0,"menu_order":0,"comment_status":"closed","ping_status":"closed","template":"","meta":{"footnotes":""},"class_list":["post-125","page","type-page","status-publish","hentry"],"_links":{"self":[{"href":"https:\/\/hautes-alpes-rugby.fr\/index.php?rest_route=\/wp\/v2\/pages\/125","targetHints":{"allow":["GET"]}}],"collection":[{"href":"https:\/\/hautes-alpes-rugby.fr\/index.php?rest_route=\/wp\/v2\/pages"}],"about":[{"href":"https:\/\/hautes-alpes-rugby.fr\/index.php?rest_route=\/wp\/v2\/types\/page"}],"author":[{"embeddable":true,"href":"https:\/\/hautes-alpes-rugby.fr\/index.php?rest_route=\/wp\/v2\/users\/1"}],"replies":[{"embeddable":true,"href":"https:\/\/hautes-alpes-rugby.fr\/index.php?rest_route=%2Fwp%2Fv2%2Fcomments&post=125"}],"version-history":[{"count":20,"href":"https:\/\/hautes-alpes-rugby.fr\/index.php?rest_route=\/wp\/v2\/pages\/125\/revisions"}],"predecessor-version":[{"id":1580,"href":"https:\/\/hautes-alpes-rugby.fr\/index.php?rest_route=\/wp\/v2\/pages\/125\/revisions\/1580"}],"wp:attachment":[{"href":"https:\/\/hautes-alpes-rugby.fr\/index.php?rest_route=%2Fwp%2Fv2%2Fmedia&parent=125"}],"curies":[{"name":"wp","href":"https:\/\/api.w.org\/{rel}","templated":true}]}}