{"id":1423,"date":"2022-02-16T16:07:18","date_gmt":"2022-02-16T15:07:18","guid":{"rendered":"http:\/\/hautes-alpes-rugby.fr\/?page_id=1423"},"modified":"2022-02-16T17:14:55","modified_gmt":"2022-02-16T16:14:55","slug":"lycee-st-joseph","status":"publish","type":"page","link":"https:\/\/hautes-alpes-rugby.fr\/?page_id=1423","title":{"rendered":"Lyc\u00e9e St Joseph \u00e0 Gap"},"content":{"rendered":"\n<div class=\"wp-block-image\"><figure class=\"alignright size-full is-resized\"><img loading=\"lazy\" decoding=\"async\" src=\"https:\/\/hautes-alpes-rugby.fr\/wp-content\/uploads\/2022\/02\/logo_cd05.jpg\" alt=\"\" class=\"wp-image-1442\" width=\"166\" height=\"183\"\/><\/figure><\/div>\n\n\n\n<figure class=\"wp-block-image size-full\"><img loading=\"lazy\" decoding=\"async\" width=\"918\" height=\"405\" src=\"https:\/\/hautes-alpes-rugby.fr\/wp-content\/uploads\/2022\/02\/St-Joseph.jpg\" alt=\"\" class=\"wp-image-1450\" srcset=\"https:\/\/hautes-alpes-rugby.fr\/wp-content\/uploads\/2022\/02\/St-Joseph.jpg 918w, https:\/\/hautes-alpes-rugby.fr\/wp-content\/uploads\/2022\/02\/St-Joseph-300x132.jpg 300w, https:\/\/hautes-alpes-rugby.fr\/wp-content\/uploads\/2022\/02\/St-Joseph-768x339.jpg 768w\" sizes=\"auto, (max-width: 918px) 100vw, 918px\" \/><figcaption>Gymnase et parc arbor\u00e9 au centre ville<\/figcaption><\/figure>\n\n\n\n<h2 class=\"wp-block-heading\" id=\"preparez-votre-brevet-l-entree-au-lycee-et-ou-votre-baccalaureatpratiquez-le-rugby-en-entrainement-intensif\"><strong>Pr\u00e9parez votre Brevet, l\u2019entr\u00e9e au Lyc\u00e9e et\/ou votre Baccalaur\u00e9at<\/strong><br><strong>Pratiquez Le Rugby en Entrainement Intensif<\/strong><\/h2>\n\n\n\n<p>Campus Saint Joseph<br>2, Rue des Pins<br>05000 &#8211; Gap<\/p>\n\n\n\n<h3 class=\"wp-block-heading\" id=\"conditions\">Conditions:<\/h3>\n\n\n\n<ul class=\"wp-block-list\"><li>Etre licenci\u00e9 dans un club.<\/li><li>Satisfaire \u00e0 la visite m\u00e9dicale.<\/li><li>Etre admis par l\u2019\u00e9tablissement scolaire d\u2019origine dans la classe demand\u00e9e.<\/li><li>Satisfaire \u00e0 un entretien de motivation et test d\u2019apti-tude.<\/li><li>Justifier d\u2019un niveau sportif suffisant attest\u00e9 par le club d\u2019appartenance ou la f\u00e9d\u00e9ration et\/ou satisfaire \u00e0 des tests d\u2019\u00e9valuation.<\/li><\/ul>\n\n\n\n<h3 class=\"wp-block-heading\" id=\"pole-etude\">P\u00d4LE ETUDE<\/h3>\n\n\n\n<p><strong>Objectifs:<\/strong><\/p>\n\n\n\n<ul class=\"wp-block-list\"><li>D\u00e9velopper les potentialit\u00e9s scolaires.<\/li><li>Pr\u00e9parer et obtenir le Dipl\u00f4me National du Brevet et\/ou pr\u00e9parer et r\u00e9ussir un Baccalaur\u00e9at.<\/li><li>Optimiser les comp\u00e9tences en organisation et gestion du temps.<\/li><li>Construire un projet d\u2019\u00e9tudes et d\u2019orientation.<\/li><\/ul>\n\n\n\n<h3 class=\"wp-block-heading\" id=\"pole-rugby\">P\u00d4LE RUGBY<\/h3>\n\n\n\n<p><strong>Objectifs:<\/strong><\/p>\n\n\n\n<ul class=\"wp-block-list\"><li>Compl\u00e9ter le travail r\u00e9alis\u00e9 en club (licence obligatoire).<\/li><li>D\u00e9velopper ses ressources physiques et techniques.<\/li><li>Approfondir: jeu, r\u00e8gles, strat\u00e9gie, tactique.<\/li><li>Former de futurs cadres \u00e9ducateurs..<\/li><\/ul>\n\n\n\n<p><strong>Programme Sportif:<\/strong><\/p>\n\n\n\n<ul class=\"wp-block-list\"><li>Sous la conduite d\u2019un \u00e9ducateur dipl\u00f4m\u00e9<\/li><li>Pratique sportive: 3 s\u00e9ances de 2 heures hebdomadaires<\/li><li>Technologie du sport: Approche th\u00e9orique du jeu et des r\u00e8gles Approche comportementale du joueur Approche tactique et analyse des r\u00e8gles<\/li><li>&nbsp;Pr\u00e9paration physique du joueur: 2 heures hebdomadaires Endurance, r\u00e9sistance Musculation<\/li><li>Participation aux comp\u00e9titions sportives<\/li><\/ul>\n\n\n\n<p><strong>Suivi m\u00e9dical:<\/strong><\/p>\n\n\n\n<ul class=\"wp-block-list\"><li>Un contr\u00f4le m\u00e9dical approfondi et r\u00e9gulier est impos\u00e9 aux \u00e9l\u00e8ves.<\/li><li>La protection de la sant\u00e9 et de l\u2019in-t\u00e9grit\u00e9 physique fait l\u2019objet d\u2019une attention particuli\u00e8re.<\/li><\/ul>\n\n\n\n<p><a href=\"http:\/\/www.comite-rugby05.com\/images\/professionnel\/441928\/Triptique_RUGBY.pdf\">T\u00e9l\u00e9charger la documentation.pdf<\/a><\/p>\n","protected":false},"excerpt":{"rendered":"<p>Pr\u00e9parez votre Brevet, l\u2019entr\u00e9e au Lyc\u00e9e et\/ou votre Baccalaur\u00e9atPratiquez Le Rugby en Entrainement Intensif Campus Saint Joseph2, Rue des Pins05000 &#8211; Gap Conditions: Etre licenci\u00e9 dans un club. Satisfaire \u00e0 la visite m\u00e9dicale. Etre admis par l\u2019\u00e9tablissement scolaire d\u2019origine dans la classe demand\u00e9e. Satisfaire \u00e0 un entretien de motivation et test d\u2019apti-tude. Justifier d\u2019un niveau &hellip; <a href=\"https:\/\/hautes-alpes-rugby.fr\/?page_id=1423\" class=\"more-link\">Continuer la lecture de <span class=\"screen-reader-text\">Lyc\u00e9e St Joseph \u00e0 Gap<\/span><\/a><\/p>\n","protected":false},"author":1,"featured_media":0,"parent":0,"menu_order":0,"comment_status":"closed","ping_status":"closed","template":"","meta":{"footnotes":""},"class_list":["post-1423","page","type-page","status-publish","hentry"],"_links":{"self":[{"href":"https:\/\/hautes-alpes-rugby.fr\/index.php?rest_route=\/wp\/v2\/pages\/1423","targetHints":{"allow":["GET"]}}],"collection":[{"href":"https:\/\/hautes-alpes-rugby.fr\/index.php?rest_route=\/wp\/v2\/pages"}],"about":[{"href":"https:\/\/hautes-alpes-rugby.fr\/index.php?rest_route=\/wp\/v2\/types\/page"}],"author":[{"embeddable":true,"href":"https:\/\/hautes-alpes-rugby.fr\/index.php?rest_route=\/wp\/v2\/users\/1"}],"replies":[{"embeddable":true,"href":"https:\/\/hautes-alpes-rugby.fr\/index.php?rest_route=%2Fwp%2Fv2%2Fcomments&post=1423"}],"version-history":[{"count":7,"href":"https:\/\/hautes-alpes-rugby.fr\/index.php?rest_route=\/wp\/v2\/pages\/1423\/revisions"}],"predecessor-version":[{"id":1462,"href":"https:\/\/hautes-alpes-rugby.fr\/index.php?rest_route=\/wp\/v2\/pages\/1423\/revisions\/1462"}],"wp:attachment":[{"href":"https:\/\/hautes-alpes-rugby.fr\/index.php?rest_route=%2Fwp%2Fv2%2Fmedia&parent=1423"}],"curies":[{"name":"wp","href":"https:\/\/api.w.org\/{rel}","templated":true}]}}