{"id":1649,"date":"2023-02-26T11:56:03","date_gmt":"2023-02-26T10:56:03","guid":{"rendered":"http:\/\/hautes-alpes-rugby.fr\/?page_id=1649"},"modified":"2025-04-13T10:21:07","modified_gmt":"2025-04-13T08:21:07","slug":"2023-2","status":"publish","type":"page","link":"https:\/\/hautes-alpes-rugby.fr\/?page_id=1649","title":{"rendered":"2023"},"content":{"rendered":"\n<h2 class=\"wp-block-heading\">Les Ecoles &amp; la Coupe du Monde<\/h2>\n\n\n\n<p><strong>46 classes<\/strong> des secteurs de Gap et du Bu\u00ebch vont vivre un cycle d&rsquo;activit\u00e9 Rugby et seront r\u00e9unies sur 4 journ\u00e9es sous l&rsquo;\u00e9gide de l&rsquo;USEP 05 \u00e0 <strong>Gap, Aspres, Le Poet et Ribiers<\/strong> en fin d&rsquo;ann\u00e9e scolaire 2022\/2023 : le <strong>11 mai<\/strong> \u00e0 Gap, le <strong>22 mai<\/strong> \u00e0 Ribiers, le <strong>23 mai<\/strong> \u00e0 La Faurie et le<strong> 12 juin<\/strong> au Poet.<\/p>\n\n\n\n<p>Premi\u00e8re journ\u00e9e \u00e0 <strong>Gap<\/strong> : <a href=\"https:\/\/hautes-alpes-rugby.fr\/?p=1751\">ICI<\/a><\/p>\n\n\n\n<p>Deuxi\u00e8me journ\u00e9e \u00e0 <strong>Ribiers<\/strong> : <a href=\"https:\/\/hautes-alpes-rugby.fr\/?p=1769\">LA<\/a><\/p>\n\n\n\n<p>Troisi\u00e8me journ\u00e9e \u00e0<strong> La Faurie<\/strong> : <a href=\"https:\/\/hautes-alpes-rugby.fr\/?p=1786\">ICI<\/a><\/p>\n\n\n\n<p>Quatri\u00e8me journ\u00e9e au<strong> Poet <\/strong>: <a href=\"https:\/\/hautes-alpes-rugby.fr\/?p=1816\">LA<\/a><\/p>\n\n\n\n<figure class=\"wp-block-image size-large\"><img loading=\"lazy\" decoding=\"async\" width=\"1024\" height=\"609\" src=\"https:\/\/hautes-alpes-rugby.fr\/wp-content\/uploads\/2023\/06\/maillots-1024x609.jpg\" alt=\"\" class=\"wp-image-1838\" srcset=\"https:\/\/hautes-alpes-rugby.fr\/wp-content\/uploads\/2023\/06\/maillots-1024x609.jpg 1024w, https:\/\/hautes-alpes-rugby.fr\/wp-content\/uploads\/2023\/06\/maillots-300x179.jpg 300w, https:\/\/hautes-alpes-rugby.fr\/wp-content\/uploads\/2023\/06\/maillots-768x457.jpg 768w, https:\/\/hautes-alpes-rugby.fr\/wp-content\/uploads\/2023\/06\/maillots-1536x914.jpg 1536w, https:\/\/hautes-alpes-rugby.fr\/wp-content\/uploads\/2023\/06\/maillots-2048x1219.jpg 2048w\" sizes=\"auto, (max-width: 1024px) 100vw, 1024px\" \/><figcaption class=\"wp-element-caption\">apr\u00e8s la corde \u00e0 linge de <strong>La Faurie<\/strong>, celle du <strong>Poet<\/strong>. Chaque maillot repr\u00e9sente 1 classe participante \u00e0 l&rsquo;action.<\/figcaption><\/figure>\n\n\n\n<p>Pour le <strong>secteur Bu\u00ebch<\/strong> l&rsquo;op\u00e9ration commence le Jeudi 2 mars \u00e0 Serres. Les <strong>maillots<\/strong> \u00e0 \u00ab\u00a0custummiser\u00a0\u00bb ont \u00e9t\u00e9 distribu\u00e9s lors de l&rsquo;Assembl\u00e9e G\u00e9n\u00e9rale des Associations Sportives USEP des \u00e9coles du secteur \u00e0 Serres les 31 janvier dernier. Seule \u00ab\u00a0figure impos\u00e9e\u00a0\u00bb : le gros chiffre dans le dos devra repr\u00e9senter la population en millions d&rsquo;habitants du pays tir\u00e9 au sort lors de la soir\u00e9e de <strong>formation pr\u00e9alable<\/strong> relat\u00e9e sur ce site : <a href=\"https:\/\/hautes-alpes-rugby.fr\/?p=1598\">Ecol\u2019Ovale 2023 <\/a>.<\/p>\n\n\n\n<h2 class=\"wp-block-heading\"><strong>Le journal du Bu\u00ebch<\/strong> :<\/h2>\n\n\n\n<p><strong>Jeudi 2 et Vendredi 3 mars \u00e0 Serres<\/strong> : 5 s\u00e9ances de 1h30 dans le fond de la cour d&rsquo;\u00e9cole. Pour les <strong>Cycle 1<\/strong>, la prise de contact avec l&rsquo;activit\u00e9 s&rsquo;est faite avec la situation du \u00ab\u00a0Ballon Chrono\u00a0\u00bb avec utilisation de cercles existants. Premi\u00e8re \u00e9volution avec exploration de \u00ab\u00a0l&rsquo;Espace arri\u00e8re\u00a0\u00bb, dos tourn\u00e9 au centre du cercle, puis avec course autour du cercle en soutien des porteurs de balle, \u00e0 tour de r\u00f4le. Mise en place d&rsquo;un \u00ab\u00a0gagne terrain\u00a0\u00bb simplifi\u00e9 avec frappe de balle au pied.  Pour terminer, \u00ab\u00a0Le b\u00e9ret\u00a0\u00bb en utilisant les plots de couleur pour identifier les \u00e9quipes. Pour le <strong>Cycle 2<\/strong>, La \u00ab\u00a0Course en huit \u00a0\u00bb autour des deux cercles avec \u00e9volution vers la manipulation de balle pendant le d\u00e9placement a permis l&rsquo;\u00e9chauffement. Puis quatre \u00e9quipes se sont rencontr\u00e9es sur deux situations diff\u00e9renci\u00e9es pour couvrir l&rsquo;int\u00e9gralit\u00e9 de l&rsquo;activit\u00e9 : balle frapp\u00e9e et balle transport\u00e9e. A chaque rotation, un r\u00e8gle nouvelle a \u00e9t\u00e9 apport\u00e9e sur chaque situation pour se rapprocher de ce qui sera la r\u00e8gle lors de la journ\u00e9e de regroupement \u00e0 Aspres le 23 mai. Pour le <strong>Cycle 3<\/strong>, la \u00ab\u00a0Passe \u00e0 dix\u00a0\u00bb avec franchissement d&rsquo;une ligne pour pouvoir valider une nouvelle passe a permis le premier contact avec l&rsquo;activit\u00e9. Les rencontres des 4 \u00e9quipes sur les deux m\u00eames situations avec \u00e9volution vers le r\u00e8glement abouti a conclu la s\u00e9ance. La distribution du Kit de mat\u00e9riel et la signature de la convention s&rsquo;est faite le Lundi 6 mars, de retour de Trescl\u00e9oux.<\/p>\n\n\n\n<p><strong>Lundi 6 mars \u00e0 Trescl\u00e9oux<\/strong> : Une s\u00e9ance avec des <strong>Cycle 3<\/strong> dans une cour tr\u00e8s spacieuse, Le contenu identique \u00e0 celui de Serres pour le m\u00eame niveau. L&rsquo;activit\u00e9 sera poursuivie sur terrain \u00ab\u00a0en herbe\u00a0\u00bb ce qui permettra d&rsquo;introduire le toucher \u00e0 deux main pour permettre plus de proximit\u00e9 d\u00e9fensive. L&rsquo;\u00e9cole avait re\u00e7u le \u00ab\u00a0Ballon 30 minutes\u00a0\u00bb lors de la \u00ab\u00a0Journ\u00e9e Olympique\u00a0\u00bb en juin. La distribution du Kit et la signature de la convention ont conclu la s\u00e9ance.<\/p>\n\n\n\n<p><strong>Jeudi 9 mars \u00e0 Veynes<\/strong> : Deux s\u00e9ances sur le plateau d&rsquo;E.P.S. de l&rsquo;\u00e9cole. Pour le <strong>Cycle 2<\/strong>, les cercles des terrains de Basket ont permis de faciliter la mise en place de la situation \u00ab\u00a0Ballon chrono\u00a0\u00bb et de la faire \u00e9voluer avec la course de soutien au porteur de balle \u00e0 tour de r\u00f4le. Le tournoi entre les quatre \u00e9quipes constitu\u00e9es en d\u00e9but de s\u00e9ance sur les deux situations de r\u00e9f\u00e9rence (balle frapp\u00e9e, balle transport\u00e9e) a permis d&rsquo;introduire une nouvelle r\u00e8gle \u00e0 chaque \u00ab\u00a0rotation\u00a0\u00bb. Pour le <strong>Cycle 3<\/strong>, La \u00ab\u00a0Passe \u00e0 dix\u00a0\u00bb avec franchissement d&rsquo;une ligne a donn\u00e9e toute satisfaction. Le m\u00eame int\u00e9r\u00eat a \u00e9t\u00e9 constat\u00e9 lors du tournoi sur les deux situations de r\u00e9f\u00e9rence. L&rsquo;option \u00ab\u00a0conservation\u00a0\u00bb par cr\u00e9ation d&rsquo;un point de fixation  est accueilli tr\u00e8s favorablement. Elle permet \u00e0 tous les \u00e9l\u00e8ves d&rsquo;avoir une solution pour jouer un r\u00f4le dans l&rsquo;\u00e9quipe. Le terrain en herbe du Stade Guillaume permettra d&rsquo;introduire le \u00ab\u00a0toucher \u00e0 2 mains\u00a0\u00bb. <\/p>\n\n\n\n<p><strong>Vendredi 10 mars \u00e0 Aspres<\/strong> : Une s\u00e9ance sur plateau et \u00ab\u00a0Polysport\u00a0\u00bb \u00e0 proximit\u00e9 de l&rsquo;\u00e9cole. L&rsquo;effectif important a permis de fonctionner avec 4 \u00e9quipes sur deux situations. Pour l&rsquo;\u00e9chauffement, la \u00ab\u00a0passe \u00e0 10\u00a0\u00bb avec franchissement d&rsquo;une ligne a permis de mettre tout le monde en mouvement. La mise en place du tournoi avec alternance jeu au pied sur le plateau et jeu \u00e0 toucher sur le \u00ab\u00a0polysport\u00a0\u00bb avec introduction des r\u00e8gles essentielles a permis de faire appara\u00eetre les comportements souhait\u00e9s pour la moiti\u00e9 au moins des participants. Le fonctionnement autonome de la situation de \u00ab\u00a0gagne terrain\u00a0\u00bb permet de porter toute l&rsquo;attention sur le jeu \u00e0 toucher et ouvre des perspective d&rsquo;\u00e9volution \u00e0 court terme. Le terrain en herbe permettra d&rsquo;adopter le toucher \u00e0 deux mains rapidement.<\/p>\n\n\n\n<p><strong>Vendredi 10 mars \u00e0 La Faurie<\/strong> : Une s\u00e9ance en cour de r\u00e9cr\u00e9ation. Un pr\u00e9au pourrait permettre le fonctionnement en intemp\u00e9ries. La petite classe unique avec tous les niveaux a n\u00e9cessit\u00e9 d&rsquo;adopter le \u00ab\u00a0ballon chrono\u00a0\u00bb comme situation d&rsquo;\u00e9chauffement. Le soutien des grands a \u00e9t\u00e9 essentiel pour le guidage des petits. L&rsquo;alternance de \u00ab\u00a0gagne terrain et de \u00ab\u00a0jeu \u00e0  toucher\u00a0\u00bb a permis de mettre en place toutes les r\u00e8gles fondamentales progressivement. Pour la suite, la capacit\u00e9 des plus \u00e2g\u00e9s \u00e0 fonctionner en autonomie permettra de porter l&rsquo;accent sur l&rsquo;\u00e9volution des plus jeunes par du jeu \u00e0 effectif r\u00e9duit. <\/p>\n\n\n\n<p><strong><em>Conclusions sur la premi\u00e8re semaine<\/em><\/strong> : <em>La premi\u00e8re s\u00e9ance avait pour but de pr\u00e9senter un Rugby rassurant pour les enseignants et les \u00e9l\u00e8ves d&rsquo;\u00e2ge tr\u00e8s divers au travers de jeux \u00e9volutifs. L&rsquo;accueil tr\u00e8s favorable du public scolaire devrait pouvoir permettre de progresser vers un jeu total, n&rsquo;occultant aucune composante motrice et r\u00e8glementaire de la pratique de l&rsquo;activit\u00e9. Pour que le b\u00e9n\u00e9fice de cette pratique soit \u00e9quitablement partag\u00e9e, il est souhaitable de constituer <strong>deux groupes de niveau<\/strong>. Les \u00e9l\u00e8ves qui ont jou\u00e9 un r\u00f4le moteur lors de cette premi\u00e8re s\u00e9ance peuvent \u00e9voluer en <strong>autonomie<\/strong> alors que ceux qui sont rest\u00e9 \u00e0 l&rsquo;\u00e9cart de l&rsquo;essentiel de l&rsquo;activit\u00e9 doivent \u00eatre pris en charge pendant les deux prochaines s\u00e9ances. Les situations p\u00e9dagogiques \u00e0 mettre en place doivent leur permettre de s&rsquo;int\u00e9grer au projet de jeu de l&rsquo;\u00e9quipe par les <strong>t\u00e2ches diverses<\/strong> que l&rsquo;activit\u00e9 Rugby d\u00e9finit. Le <strong>jeu \u00e0 effectif r\u00e9duit<\/strong> (deux contre deux ou trois contre trois) est \u00e0 privil\u00e9gier. Les documents sugg\u00e9r\u00e9s lors de la formation \u00e0 Serres et dans les courriers qui ont suivi, peuvent \u00eatre utilis\u00e9s s&rsquo;ils correspondent au jeu \u00ab\u00a0\u00e0 toucher\u00a0\u00bb sur tout terrain. Les jeux traditionnels am\u00e9nag\u00e9s peuvent devenir d&rsquo;excellents proc\u00e9d\u00e9s p\u00e9dagogiques : Passe \u00e0 10, B\u00e9ret, Epervier, Gagne Terrain, &#8230; <strong>A vous de jouer !<\/strong><\/em><\/p>\n\n\n\n<p><strong>Lundi 13 mars \u00e0 Ribeyret<\/strong> : S\u00e9ance \u00ab\u00a0champ\u00eatre\u00a0\u00bb sur un petit terrain en herbe pr\u00e8s de l&rsquo;\u00e9cole avec des <strong>Cycle 1<\/strong>. La prise de contact avec l&rsquo;activit\u00e9 s&rsquo;est faite en combinant le \u00ab\u00a0huit\u00a0\u00bb et le \u00ab\u00a0ballon chrono\u00a0\u00bb. Les situations de r\u00e9f\u00e9rences d\u00e9crites pr\u00e9c\u00e9demment ont \u00e9t\u00e9 mises en place pour l&rsquo;information de l&rsquo;enseignant mais seule la moiti\u00e9 de l&rsquo;effectif peut en tirer profit dans l&rsquo;imm\u00e9diat. Le \u00ab\u00a0b\u00e9ret\u00a0\u00bb a permis de mettre tout l&rsquo;effectif en action et comprendre quel est la \u00ab\u00a0mission\u00a0\u00bb premi\u00e8re du porteur de balle : avancer.<\/p>\n\n\n\n<p><strong>Jeudi  16 mars \u00e0 Laragne<\/strong> : Trois s\u00e9ances sur plateau d&rsquo;E.P.S. essentiellement avec des <strong>Cycles 2<\/strong>. La prise de contact avec l&rsquo;activit\u00e9 s&rsquo;est faite en combinant le \u00ab\u00a0huit\u00a0\u00bb et le \u00ab\u00a0ballon chrono\u00a0\u00bb jusqu&rsquo;\u00e0 la version \u00ab\u00a0d\u00e9placement en soutien au porteur de balle\u00a0\u00bb et, pour la derni\u00e8re s\u00e9ance \u00e9court\u00e9e : la \u00ab\u00a0passe \u00e0 dix\u00a0\u00bb avec franchissement de ligne qui induit le d\u00e9placement du porteur de balle et des soutiens. L&rsquo;essentiel de la s\u00e9ance reste identique \u00e0 ce qui a pr\u00e9c\u00e9d\u00e9 : tournoi entre quatre \u00e9quipes sur deux situations compl\u00e9mentaires (balle frapp\u00e9e, balle transport\u00e9e) avec introduction progressive des r\u00e8gles fondamentales : marque, \u00ab\u00a0tenu\u00a0\u00bb, \u00ab\u00a0en avant\u00a0\u00bb, cr\u00e9ation d&rsquo;un \u00ab\u00a0point de fixation\u00a0\u00bb, &#8230; . L&rsquo;accueil par les \u00e9l\u00e8ves et les enseignants a \u00e9t\u00e9 tr\u00e8s chaleureux. <\/p>\n\n\n\n<p><strong>Vendredi 17 mars \u00e0 Laragne<\/strong> : Deux s\u00e9ances dans les m\u00eames conditions mat\u00e9rielles avec des Cycles 3. L&rsquo;adh\u00e9sion \u00e0 cette approche de l&rsquo;activit\u00e9 est totale avec les \u00e9l\u00e8ves, presque totale avec les enseignants. La <strong>continuit\u00e9<\/strong> de l&rsquo;action est satisfaisante et permettrait d&rsquo;introduire de nouvelles r\u00e8gles pour se rapprocher du r\u00e8glement qui sera adopt\u00e9 lors des journ\u00e9es de regroupement. La proximit\u00e9 du stade pourrait faciliter cette \u00e9volution lors de rencontres interclasses pr\u00e9liminaires \u00e0 ces journ\u00e9es. Cela pourrait permettre aux enseignants d&rsquo;\u00e9changer sur la d\u00e9marche p\u00e9dagogique.<\/p>\n\n\n\n<p><em><strong>Conclusions sur la deuxi\u00e8me semaine<\/strong> : Les \u00ab\u00a0situations de r\u00e9f\u00e9rence jeu\u00a0\u00bb avec \u00e9volution des r\u00e8gles obtiennent le succ\u00e8s escompt\u00e9. Les formes jou\u00e9es pour le premier contact avec l&rsquo;activit\u00e9 sont v\u00e9cues avec enthousiasme. Il appara\u00eet maintenant la possibilit\u00e9 d&rsquo;\u00e9volution vers les exigences r\u00e8glementaires du <strong>Rugby \u00e0 cinq<\/strong> f\u00e9d\u00e9ral d\u00e9crites dans le document initial communiqu\u00e9 aux \u00e9coles. Il sera appliqu\u00e9 lors des journ\u00e9es de regroupement sur terrain en herbe : touch\u00e9 \u00e0 deux mains en particulier et marque par balle \u00ab\u00a0aplatie\u00a0\u00bb<\/em> pour la marque.<\/p>\n\n\n\n<p><strong>Lundi 20 mars au Poet<\/strong> : Deux s\u00e9ances avec des <strong>Cycles 1<\/strong> et la participation d&rsquo;un autre cadre f\u00e9d\u00e9ral. Cela a permis une approche compl\u00e9mentaire et de pr\u00e9senter certains outils f\u00e9d\u00e9raux li\u00e9s au fait d&rsquo;utiliser de petites zones en herbes qui jouxtent l&rsquo;\u00e9cole. Les enseignant ont pris note de tout pour mettre en place leur d\u00e9marche p\u00e9dagogique ult\u00e9rieure qui peut se fonder sur une <strong>grande motivation<\/strong> des enfants pour poursuivre l&rsquo;activit\u00e9.<\/p>\n\n\n\n<p><strong>Mardi 21 mars<\/strong> <strong>au Poet<\/strong> : Deux s\u00e9ance <strong>Cycles 2 et 3<\/strong> avec mise en place<strong> <\/strong>des situations habituelles mais sur zones en herbe. Le probl\u00e8me de la progression vers l&rsquo;avant du porteur de balle est r\u00e9gl\u00e9 et permet d&rsquo;envisager une d\u00e9finition plus pr\u00e9cise des r\u00f4les en attaque. La possibilit\u00e9 de mettre en place un dispositif de cr\u00e9ation de point de fixation peut permettre de le pr\u00e9ciser. Pour la situation de \u00ab\u00a0balle frapp\u00e9e\u00a0\u00bb, un large talus en herbe surmont\u00e9 d&rsquo;un grillage permet d&rsquo;envisager de d\u00e9velopper les comp\u00e9tences du jeu au pied par des formes jou\u00e9es adapt\u00e9es.<\/p>\n\n\n\n<p><strong>Jeudi 23 mars \u00e0 Laragne<\/strong> : Deux s\u00e9ances <strong>Cycles 2 et 3<\/strong> v\u00e9cues en acc\u00e9l\u00e9r\u00e9. Pour les premiers, mise en place rapide du \u00ab\u00a0huit\u00a0\u00bb et du \u00ab\u00a0ballon chrono\u00a0\u00bb avec d\u00e9but d&rsquo;\u00e9volution gestuelle. Les deux situations de r\u00e9f\u00e9rence habituelles ont permis de mettre en place les r\u00e8gles fondamentales. Pour les seconds, la \u00ab\u00a0passe \u00e0 10\u00a0\u00bb avec franchissement de ligne a bien lanc\u00e9 la mini-s\u00e9ance et pr\u00e9cis\u00e9 le comportement premier du porteur de balle. La maturit\u00e9 sportive de la classe a permis d&rsquo;\u00e9voluer favorablement dans le jeu avec l&rsquo;utilisation efficace de \u00ab\u00a0points de fixation\u00a0\u00bb pr\u00e8s de la ligne de but.<\/p>\n\n\n\n<p><strong>Vendredi 24 mars \u00e0 Upaix<\/strong> : La s\u00e9ance avec les <strong>Cycles 3<\/strong> sur \u00ab\u00a0City\u00a0\u00bb et alentour imm\u00e9diat a permis de mettre en place le \u00ab\u00a0Huit\u00a0\u00bb, tr\u00e8s bien r\u00e9alis\u00e9 d&rsquo;entr\u00e9e de jeu avec 4 ballons, puis le \u00ab\u00a0ballon chrono\u00a0\u00bb avec soutien du porteur de balle \u00e0 tour de r\u00f4le. Les deux \u00e9quipes de sept ont \u00e9t\u00e9 fractionn\u00e9es pour permettre de vivre en effectif r\u00e9duit les deux situations de r\u00e9f\u00e9rence habituelle sur trois s\u00e9quences. Cela a permis de mettre en place spontan\u00e9ment une distribution des r\u00f4les en attaque : metteur en jeu, joueur relai, soutien lat\u00e9ral.<\/p>\n\n\n\n<p><em><strong>Conclusions sur la troisi\u00e8me semaine<\/strong> : L&rsquo;accueil est de plus en plus enthousiaste. Les inqui\u00e9tudes disparaissent. Des perspectives d&rsquo;\u00e9volution vers la mise en place de <strong>projets de jeu<\/strong> o\u00f9 chacun peut jouer chaque r\u00f4le d\u00e9fini apparaissent. Des aptitudes \u00e0 l&rsquo;<strong>arbitrage<\/strong> sont perceptibles. Les prochaines s\u00e9ances du cycle pourraient prendre cela comme th\u00e8me de \u00ab\u00a0travail\u00a0\u00bb.<\/em><\/p>\n\n\n\n<p><strong>Lundi 27 mars \u00e0 Garde Colombe <\/strong>: Trois s\u00e9ances dans la cour , tr\u00e8s spacieuse, de l&rsquo;\u00e9cole d&rsquo;Eyguians balay\u00e9e par le vent. <strong>Cycle 1<\/strong> : pr\u00e9sence essentielle de <strong>Christelle AUVIGNE<\/strong> qui pr\u00e9sente les outils f\u00e9d\u00e9raux du \u00ab\u00a0Baby-Rugby\u00a0\u00bb, succ\u00e8s habituel du \u00ab\u00a0huit\u00a0\u00bb, du \u00ab\u00a0ballon chrono\u00a0\u00bb, du \u00ab\u00a0gagne terrain\u00a0\u00bb au pieds et du \u00ab\u00a0b\u00e9ret\u00a0\u00bb avec appel des couleurs. <strong>Cycle 2<\/strong> : s\u00e9ance \u00e9court\u00e9e la permutation des deux groupes n&rsquo;a pas pu se faire mais chacun a pu vivre les deux variantes de l&rsquo;intervention et proposer \u00e0 l&rsquo;enseignante les outils n\u00e9cessaire \u00e0 poursuivre l&rsquo;activit\u00e9. <strong>Cycle 3<\/strong> : permutation acc\u00e9l\u00e9r\u00e9e pour r\u00e9pondre aux contraintes horaires de l&rsquo;\u00e9cole. La \u00ab\u00a0passe \u00e0 dix\u00a0\u00bb avec franchissement d&rsquo;une ligne a permis un \u00e9chauffement rapide et pr\u00e9ciser le comportement du porteur de balle. Les deux situations de r\u00e9f\u00e9rence avec introduction progressive des r\u00e8gles fondamentales du Rugby a \u00e9t\u00e9 facilit\u00e9e par l&rsquo;effectif r\u00e9duit du demi classe. L&rsquo;accueil a \u00e9t\u00e9 tr\u00e8s chaleureux toute la journ\u00e9e.<\/p>\n\n\n\n<p><strong>Mardi 28 mars \u00e0 Savournon<\/strong> : Deux s\u00e9ances dans la petite cour de l&rsquo;\u00e9cole bien expos\u00e9e au soleil. <strong>Cycle 1<\/strong> : Mise en train avec le \u00ab\u00a0huit\u00a0\u00bb et le \u00ab\u00a0ballon chrono\u00a0\u00bb, essai d&rsquo;un tour avec soutien du porteur de balle, pour voir ! . \u00ab\u00a0Gagne terrain\u00a0\u00bb avec balle pos\u00e9e sur \u00ab\u00a0tee\u00a0\u00bb \u00e0 tour de r\u00f4le. pour conclure :  \u00ab\u00a0B\u00e9ret\u00a0\u00bb avec appel par couleur, les deux passages permettent \u00e0 chacun d&rsquo;assimiler le comportement n\u00e9cessaire du porteur de balle. <strong>Cycle 2<\/strong> : la faible largeur de la ligne de but a rendu difficile la perception d&rsquo;intervalles libres pour marquer mais a permis de justifier l&rsquo;option de conservation de balle et cr\u00e9er des points de fixation pour les ouvrir. La proximit\u00e9 d&rsquo;un terrain en herbe permettra d&rsquo;agrandir les espaces de jeu avec une largeur d&rsquo;au moins<strong> 2 \u00ab\u00a0m\u00e8tres\/joueur-\u00e9quipe<\/strong>\u00ab\u00a0, mettre en place la solution de marque par contact appuy\u00e9 de balle au sol et le toucher \u00e0 2 mains.<\/p>\n\n\n\n<p><strong>Jeudi 30 mars \u00e0 Ribiers<\/strong> : Trois s\u00e9ances avec tous les cycles. Le m\u00eame dispositif a \u00e9t\u00e9 mis en place dans la cour de l&rsquo;\u00e9cole. L&rsquo;accueil a \u00e9t\u00e9 tr\u00e8s chaleureux tant par les \u00e9l\u00e8ves que par les enseignants. La norme minimale de la ligne de but est confirm\u00e9e : 2 m\u00e8tres \u00ab\u00a0joueur-\u00e9quipe\u00a0\u00bb. La \u00ab\u00a0passe \u00e0 dix\u00a0\u00bb avec franchissement de ligne est confirm\u00e9e comme \u00e9tant une bonne entr\u00e9e en mati\u00e8re avec les cycles 3. La proximit\u00e9 d&rsquo;un \u00ab\u00a0poly-sport\u00a0\u00bb permet d&rsquo;envisager une \u00e9volution rapide de la pratique. <\/p>\n\n\n\n<p><strong>Vendredi 31 mars \u00e0 Barret sur M\u00e9ouge<\/strong> : Deux s\u00e9ances \u00e9court\u00e9es par le d\u00e9placement des classes vers un terrain en herbe ont cependant permis de mettre en place en acc\u00e9l\u00e9r\u00e9 les r\u00e8gles fondamentales du Rugby \u00ab\u00a0\u00e0 toucher\u00a0\u00bb avec l&rsquo;option \u00ab\u00a0conservation ultime\u00a0\u00bb par la cr\u00e9ation d&rsquo;un point de fixation. L&rsquo;accueil par les <strong>Cycles 1<\/strong> du \u00ab\u00a0ballon chrono\u00a0\u00bb, du \u00ab\u00a0gagne terrain\u00a0\u00bb et du b\u00e9ret a \u00e9t\u00e9 tr\u00e8s enthousiaste et augure d&rsquo;une \u00e9volution favorable en vue de la journ\u00e9e de regroupement \u00e0 Ribiers.<\/p>\n\n\n\n<p><em><strong>Conclusion finale des 35 s\u00e9ances sur le Bu\u00ebch<\/strong> : L&rsquo;activit\u00e9 est lanc\u00e9e. La motivation de tous est cr\u00e9\u00e9e. La mise en place de groupes de niveau permettant le jeu \u00e0 effectif r\u00e9duit permettra l&rsquo;acquisition des comp\u00e9tences n\u00e9cessaires \u00e0 vivre au mieux un \u00ab\u00a0<strong>Rugby Scolaire 6 T<\/strong>\u00a0\u00bb : <strong>T<\/strong>otal, \u00e0 <strong>T<\/strong>oucher\/<strong>T<\/strong>emporis\u00e9, <strong>T<\/strong>out <strong>T<\/strong>errain, <strong>T<\/strong>ransg\u00e9n\u00e9rationnel. Il n&rsquo;occulte aucune composante motrice de l&rsquo;activit\u00e9. Il pourrait \u00eatre illustr\u00e9 par quelques photos qui ont \u00e9t\u00e9 prises \u00e7a et l\u00e0 dans les \u00e9coles visit\u00e9es. <\/em><\/p>\n\n\n\n<div data-wp-interactive=\"core\/file\" class=\"wp-block-file\"><object data-wp-bind--hidden=\"!state.hasPdfPreview\" hidden class=\"wp-block-file__embed\" data=\"https:\/\/hautes-alpes-rugby.fr\/wp-content\/uploads\/2024\/02\/RUGBY_CINQ_T.pdf\" type=\"application\/pdf\" style=\"width:100%;height:200px\" aria-label=\"Contenu embarqu\u00e9 RUGBY SIX &quot;T&quot;.\"><\/object><a id=\"wp-block-file--media-318f8426-7fc7-48de-b94e-84ab34270542\" href=\"https:\/\/hautes-alpes-rugby.fr\/wp-content\/uploads\/2024\/02\/RUGBY_CINQ_T.pdf\">RUGBY SIX \u00ab\u00a0T\u00a0\u00bb<\/a><a href=\"https:\/\/hautes-alpes-rugby.fr\/wp-content\/uploads\/2024\/02\/RUGBY_CINQ_T.pdf\" class=\"wp-block-file__button wp-element-button\" download aria-describedby=\"wp-block-file--media-318f8426-7fc7-48de-b94e-84ab34270542\">T\u00e9l\u00e9charger<\/a><\/div>\n\n\n\n<div data-wp-interactive=\"core\/file\" class=\"wp-block-file\"><object data-wp-bind--hidden=\"!state.hasPdfPreview\" hidden class=\"wp-block-file__embed\" data=\"https:\/\/hautes-alpes-rugby.fr\/wp-content\/uploads\/2023\/04\/Veynes.pdf\" type=\"application\/pdf\" style=\"width:100%;height:200px\" aria-label=\"Contenu embarqu\u00e9 Veynes.\"><\/object><a id=\"wp-block-file--media-5ecac697-c76a-46fe-aa83-0034350c203a\" href=\"https:\/\/hautes-alpes-rugby.fr\/wp-content\/uploads\/2023\/04\/Veynes.pdf\">Veynes<\/a><a href=\"https:\/\/hautes-alpes-rugby.fr\/wp-content\/uploads\/2023\/04\/Veynes.pdf\" class=\"wp-block-file__button wp-element-button\" download aria-describedby=\"wp-block-file--media-5ecac697-c76a-46fe-aa83-0034350c203a\">T\u00e9l\u00e9charger<\/a><\/div>\n\n\n\n<h2 class=\"wp-block-heading\">Secteur de Gap :<\/h2>\n\n\n\n<div data-wp-interactive=\"core\/file\" class=\"wp-block-file\"><object data-wp-bind--hidden=\"!state.hasPdfPreview\" hidden class=\"wp-block-file__embed\" data=\"https:\/\/hautes-alpes-rugby.fr\/wp-content\/uploads\/2023\/04\/Intervention-scolaires-annee-2022-1.pdf\" type=\"application\/pdf\" style=\"width:100%;height:200px\" aria-label=\"Contenu embarqu\u00e9 Interventions scolaires du secteur de Gap.\"><\/object><a id=\"wp-block-file--media-7b686075-b206-4c26-8971-65362891b5a6\" href=\"https:\/\/hautes-alpes-rugby.fr\/wp-content\/uploads\/2023\/04\/Intervention-scolaires-annee-2022-1.pdf\">Interventions scolaires du secteur de Gap<\/a><a href=\"https:\/\/hautes-alpes-rugby.fr\/wp-content\/uploads\/2023\/04\/Intervention-scolaires-annee-2022-1.pdf\" class=\"wp-block-file__button wp-element-button\" download aria-describedby=\"wp-block-file--media-7b686075-b206-4c26-8971-65362891b5a6\">T\u00e9l\u00e9charger<\/a><\/div>\n","protected":false},"excerpt":{"rendered":"<p>Les Ecoles &amp; la Coupe du Monde 46 classes des secteurs de Gap et du Bu\u00ebch vont vivre un cycle d&rsquo;activit\u00e9 Rugby et seront r\u00e9unies sur 4 journ\u00e9es sous l&rsquo;\u00e9gide de l&rsquo;USEP 05 \u00e0 Gap, Aspres, Le Poet et Ribiers en fin d&rsquo;ann\u00e9e scolaire 2022\/2023 : le 11 mai \u00e0 Gap, le 22 mai \u00e0 &hellip; <a href=\"https:\/\/hautes-alpes-rugby.fr\/?page_id=1649\" class=\"more-link\">Continuer la lecture de <span class=\"screen-reader-text\">2023<\/span><\/a><\/p>\n","protected":false},"author":1,"featured_media":1806,"parent":0,"menu_order":0,"comment_status":"open","ping_status":"closed","template":"","meta":{"footnotes":""},"class_list":["post-1649","page","type-page","status-publish","has-post-thumbnail","hentry"],"_links":{"self":[{"href":"https:\/\/hautes-alpes-rugby.fr\/index.php?rest_route=\/wp\/v2\/pages\/1649","targetHints":{"allow":["GET"]}}],"collection":[{"href":"https:\/\/hautes-alpes-rugby.fr\/index.php?rest_route=\/wp\/v2\/pages"}],"about":[{"href":"https:\/\/hautes-alpes-rugby.fr\/index.php?rest_route=\/wp\/v2\/types\/page"}],"author":[{"embeddable":true,"href":"https:\/\/hautes-alpes-rugby.fr\/index.php?rest_route=\/wp\/v2\/users\/1"}],"replies":[{"embeddable":true,"href":"https:\/\/hautes-alpes-rugby.fr\/index.php?rest_route=%2Fwp%2Fv2%2Fcomments&post=1649"}],"version-history":[{"count":32,"href":"https:\/\/hautes-alpes-rugby.fr\/index.php?rest_route=\/wp\/v2\/pages\/1649\/revisions"}],"predecessor-version":[{"id":2121,"href":"https:\/\/hautes-alpes-rugby.fr\/index.php?rest_route=\/wp\/v2\/pages\/1649\/revisions\/2121"}],"wp:featuredmedia":[{"embeddable":true,"href":"https:\/\/hautes-alpes-rugby.fr\/index.php?rest_route=\/wp\/v2\/media\/1806"}],"wp:attachment":[{"href":"https:\/\/hautes-alpes-rugby.fr\/index.php?rest_route=%2Fwp%2Fv2%2Fmedia&parent=1649"}],"curies":[{"name":"wp","href":"https:\/\/api.w.org\/{rel}","templated":true}]}}