{"id":41,"date":"2018-07-09T11:10:37","date_gmt":"2018-07-09T09:10:37","guid":{"rendered":"http:\/\/hautes-alpes-rugby.fr\/?page_id=41"},"modified":"2025-11-08T18:20:41","modified_gmt":"2025-11-08T17:20:41","slug":"le-comite","status":"publish","type":"page","link":"https:\/\/hautes-alpes-rugby.fr\/?page_id=41","title":{"rendered":"LE COMITE"},"content":{"rendered":"<h1><strong>\u00a0<\/strong><\/h1>\n<p><img loading=\"lazy\" decoding=\"async\" class=\"size-medium wp-image-1573 alignright\" src=\"https:\/\/hautes-alpes-rugby.fr\/wp-content\/uploads\/2022\/10\/2-300x300.png\" alt=\"\" width=\"300\" height=\"300\" srcset=\"https:\/\/hautes-alpes-rugby.fr\/wp-content\/uploads\/2022\/10\/2-300x300.png 300w, https:\/\/hautes-alpes-rugby.fr\/wp-content\/uploads\/2022\/10\/2-150x150.png 150w, https:\/\/hautes-alpes-rugby.fr\/wp-content\/uploads\/2022\/10\/2-100x100.png 100w, https:\/\/hautes-alpes-rugby.fr\/wp-content\/uploads\/2022\/10\/2.png 500w\" sizes=\"auto, (max-width: 300px) 100vw, 300px\" \/><\/p>\n<h3>Le CDR 05 (Comit\u00e9 D\u00e9partemental de Rugby 05) a \u00e9t\u00e9 cr\u00e9\u00e9 en 1984 \u00e0 Chateauroux les Alpes par\u00a0<em><strong>Jean ARCE MENSO<\/strong><\/em>,\u00a0<em><strong>Louis AUROUZE<\/strong><\/em>\u00a0(Pr\u00e9sident du RC GAP) et\u00a0<em><strong>Jacques<\/strong> <strong>JALADE<\/strong><\/em>\u00a0(Pr\u00e9sident du RC Brian\u00e7on)<\/h3>\n<h3>Leur premi\u00e8re d\u00e9cision a \u00e9t\u00e9 de porter \u00e0 la pr\u00e9sidence :\u00a0<em><strong>Henri BERRUYER<\/strong><\/em><\/h3>\n<p>Actuellement le Comit\u00e9 D\u00e9partemental de Rugby 05 est constitu\u00e9 comme suit :<\/p>\n<p><strong>Si\u00e8ge social :<\/strong><br \/>\nComit\u00e9 D\u00e9partemental de Rugby \u2013 8, route du stade sous le Roc, 05200 EMBRUN<\/p>\n<p><strong>Adresse de correspondance :<\/strong><\/p>\n<p>Comit\u00e9 D\u00e9partemental de Rugby &#8211; 8, route du stade sous le Roc, 05200 EMBRUN<\/p>\n<p>Email : <a href=\"cdrugby05@gmail.com\"><strong><em>cdrugby05@gmail.com<\/em><\/strong><\/a><\/p>\n<p><strong>Pr\u00e9sident Comit\u00e9 D\u00e9partemental :<\/strong><br \/>\nM.\u00a0 <strong>ELIAS Pascal\u00a0<\/strong><\/p>\n<p>T\u00e9l : <strong>06 64 25 97 89<\/strong><\/p>\n<p><strong>Secr\u00e9taire Comit\u00e9 D\u00e9partemental :<\/strong><br \/>\nMme <strong>SEBIRE LAVERGNE Adeline<\/strong><\/p>\n<p>T\u00e9l :<strong> 06 23 41 48 73<\/strong><\/p>\n<p><strong>Tr\u00e9sorier Comit\u00e9 D\u00e9partemental :<\/strong><br \/>\nM. <strong>PONS Lo\u00efc<\/strong><\/p>\n<p><strong>Conseiller technique d\u00e9partemental :\u00a0 \u00a0 \u00a0 \u00a0 \u00a0 \u00a0 \u00a0 \u00a0 \u00a0 \u00a0 \u00a0 \u00a0 \u00a0 \u00a0 \u00a0 \u00a0 \u00a0 \u00a0 \u00a0 \u00a0 \u00a0 \u00a0 \u00a0 \u00a0 \u00a0 \u00a0 \u00a0 \u00a0 \u00a0 \u00a0 \u00a0 \u00a0 \u00a0 \u00a0 \u00a0 \u00a0<\/strong> M. <strong>RIVAUX Alexis\u00a0 \u00a0 \u00a0Email : <\/strong><em><a href=\"mailto:alexis.rivaux@liguesud-ffr.fr\">alexis.rivaux@liguesud-ffr.fr<\/a><\/em><\/p>\n<p><strong>\u00a0<\/strong><\/p>\n<h2>Comit\u00e9 directeur du comit\u00e9 D\u00e9partemental de rugby 05 :<\/h2>\n<ul>\n<li>M. <strong>ELIAS Pascal &#8211; <\/strong><a href=\"rugbyclubembrunais@gmail.com\"><em>rugbyclubembrunais@gmail.com<\/em><\/a><\/li>\n<li>Mme<strong> SEBIRE LAVERGNE Adeline<\/strong><\/li>\n<li>M.<strong> PONS Lo\u00efc<\/strong><\/li>\n<li>M. <strong>DURAND C\u00e9dric<\/strong><\/li>\n<li>M. <strong>LAVERGNE Nicolas<\/strong><\/li>\n<li>M. <strong>CASTREJON R\u00e9my<\/strong><\/li>\n<li>M. <strong>GONNET Claude<\/strong><\/li>\n<li>Mme <strong>PIANETTI Julie<\/strong><\/li>\n<li>Mlle<strong> PUEGNA C\u00e9line<\/strong><\/li>\n<li>M. <strong>BURLE Jean-Marc<\/strong> &#8211;<a href=\"mailto:burle.jean-marc@orange.fr\"><em>\u00a0burle.jean-marc@orange.fr<\/em>\u00a0<\/a><\/li>\n<\/ul>\n<h2>Bureau directeur :<\/h2>\n<ul>\n<li>Pr\u00e9sident : M. <strong>ELIAS Pascal<\/strong><\/li>\n<li>Vice Pr\u00e9sident :<\/li>\n<li>Secr\u00e9taire G\u00e9n\u00e9ral : Mme<strong> SEBIRE LAVERGNE Adeline<\/strong><\/li>\n<li>Secr\u00e9taire Adjoint :<\/li>\n<li>Tr\u00e9sorier : M. <strong>PONS Lo\u00efc<\/strong><\/li>\n<li>Tr\u00e9sorier adjoint :<\/li>\n<\/ul>\n<h2>Historique :<\/h2>\n<p>Pour acc\u00e9der \u00e0 l&rsquo;historique des\u00a0<strong>Assembl\u00e9es G\u00e9n\u00e9rales<\/strong>, des\u00a0<strong>r\u00e9unions<\/strong>\u00a0et du\u00a0<strong>Projet Associatif<\/strong>, cliquez sur le lien suivant :\u00a0<a href=\"https:\/\/hautes-alpes-rugby.fr\/?page_id=60\">HA-Rugby\/documents<\/a><\/p>\n","protected":false},"excerpt":{"rendered":"<p>\u00a0 Le CDR 05 (Comit\u00e9 D\u00e9partemental de Rugby 05) a \u00e9t\u00e9 cr\u00e9\u00e9 en 1984 \u00e0 Chateauroux les Alpes par\u00a0Jean ARCE MENSO,\u00a0Louis AUROUZE\u00a0(Pr\u00e9sident du RC GAP) et\u00a0Jacques JALADE\u00a0(Pr\u00e9sident du RC Brian\u00e7on) Leur premi\u00e8re d\u00e9cision a \u00e9t\u00e9 de porter \u00e0 la pr\u00e9sidence :\u00a0Henri BERRUYER Actuellement le Comit\u00e9 D\u00e9partemental de Rugby 05 est constitu\u00e9 comme suit : Si\u00e8ge &hellip; <a href=\"https:\/\/hautes-alpes-rugby.fr\/?page_id=41\" class=\"more-link\">Continuer la lecture de <span class=\"screen-reader-text\">LE COMITE<\/span><\/a><\/p>\n","protected":false},"author":1,"featured_media":0,"parent":0,"menu_order":0,"comment_status":"closed","ping_status":"closed","template":"","meta":{"footnotes":""},"class_list":["post-41","page","type-page","status-publish","hentry"],"_links":{"self":[{"href":"https:\/\/hautes-alpes-rugby.fr\/index.php?rest_route=\/wp\/v2\/pages\/41","targetHints":{"allow":["GET"]}}],"collection":[{"href":"https:\/\/hautes-alpes-rugby.fr\/index.php?rest_route=\/wp\/v2\/pages"}],"about":[{"href":"https:\/\/hautes-alpes-rugby.fr\/index.php?rest_route=\/wp\/v2\/types\/page"}],"author":[{"embeddable":true,"href":"https:\/\/hautes-alpes-rugby.fr\/index.php?rest_route=\/wp\/v2\/users\/1"}],"replies":[{"embeddable":true,"href":"https:\/\/hautes-alpes-rugby.fr\/index.php?rest_route=%2Fwp%2Fv2%2Fcomments&post=41"}],"version-history":[{"count":44,"href":"https:\/\/hautes-alpes-rugby.fr\/index.php?rest_route=\/wp\/v2\/pages\/41\/revisions"}],"predecessor-version":[{"id":2258,"href":"https:\/\/hautes-alpes-rugby.fr\/index.php?rest_route=\/wp\/v2\/pages\/41\/revisions\/2258"}],"wp:attachment":[{"href":"https:\/\/hautes-alpes-rugby.fr\/index.php?rest_route=%2Fwp%2Fv2%2Fmedia&parent=41"}],"curies":[{"name":"wp","href":"https:\/\/api.w.org\/{rel}","templated":true}]}}