{"id":60,"date":"2018-07-09T11:43:46","date_gmt":"2018-07-09T09:43:46","guid":{"rendered":"http:\/\/hautes-alpes-rugby.fr\/?page_id=60"},"modified":"2025-11-18T18:05:57","modified_gmt":"2025-11-18T17:05:57","slug":"documents","status":"publish","type":"page","link":"https:\/\/hautes-alpes-rugby.fr\/?page_id=60","title":{"rendered":"DOCUMENTS"},"content":{"rendered":"<p><img loading=\"lazy\" decoding=\"async\" class=\"size-medium wp-image-1573 alignright\" src=\"https:\/\/hautes-alpes-rugby.fr\/wp-content\/uploads\/2022\/10\/2-300x300.png\" alt=\"\" width=\"300\" height=\"300\" srcset=\"https:\/\/hautes-alpes-rugby.fr\/wp-content\/uploads\/2022\/10\/2-300x300.png 300w, https:\/\/hautes-alpes-rugby.fr\/wp-content\/uploads\/2022\/10\/2-150x150.png 150w, https:\/\/hautes-alpes-rugby.fr\/wp-content\/uploads\/2022\/10\/2-100x100.png 100w, https:\/\/hautes-alpes-rugby.fr\/wp-content\/uploads\/2022\/10\/2.png 500w\" sizes=\"auto, (max-width: 300px) 100vw, 300px\" \/><\/p>\n<p>Tous ces documents sont consign\u00e9s dans le <strong>Cahier des d\u00e9lib\u00e9rations<\/strong> consultable \u00e0 tout moment chez le secr\u00e9taire du comit\u00e9.<\/p>\n<h3><strong><em>Historique des Assembl\u00e9es G\u00e9n\u00e9rales du Comit\u00e9 D\u00e9partemental :<\/em><\/strong><\/h3>\n<p><strong>2012<\/strong>\u00a0:\u00a0<a href=\"http:\/\/www.comite-rugby05.com\/images\/professionnel\/441928\/CR_AG_CD_05_2012.pdf\">CR\/AG\/2012<\/a><\/p>\n<p><strong>2013<\/strong>\u00a0:\u00a0<a href=\"http:\/\/www.comite-rugby05.com\/images\/professionnel\/441928\/CR_AG_CD05_2013.pdf\">CR\/AG\/2013<\/a><\/p>\n<p><strong>2014<\/strong>\u00a0:\u00a0<a href=\"http:\/\/www.comite-rugby05.com\/images\/professionnel\/441928\/CR_AG_CD05_2014.pdf\">CR\/AG\/2014<\/a><\/p>\n<p><strong>2015<\/strong>\u00a0:\u00a0<a href=\"http:\/\/www.comite-rugby05.com\/images\/professionnel\/441928\/CR_AG_CD05_2015.pdf\">CR\/AG\/2015<\/a><\/p>\n<p><strong>2016<\/strong>\u00a0:<\/p>\n<p><strong>2017<\/strong>\u00a0:\u00a0<a href=\"http:\/\/www.comite-rugby05.com\/images\/professionnel\/441928\/CR_AG_CD05_2016_17.pdf\">CR\/AG\/2016_17<\/a>\u00a0 + <a href=\"http:\/\/www.comite-rugby05.com\/images\/professionnel\/441928\/Rapport_Moral_AG_2017.pdf\">AG_2017<\/a><\/p>\n<p><strong>2018<\/strong> : <a href=\"https:\/\/hautes-alpes-rugby.fr\/?p=225\">CR\/AG\/2018<\/a><\/p>\n<p><strong>2019<\/strong> : <a href=\"https:\/\/hautes-alpes-rugby.fr\/?p=728\">CR\/AG\/2019<\/a> + <strong>Statuts<\/strong> et <strong>R\u00e8glement int\u00e9rieur<\/strong> du CD 05<\/p>\n<p><strong>2020<\/strong> : <a href=\"https:\/\/hautes-alpes-rugby.fr\/wp-content\/uploads\/2020\/12\/CR_AG_CD05_2020.pdf\">CR\/AGOR\/2020 + <\/a><a href=\"https:\/\/hautes-alpes-rugby.fr\/wp-content\/uploads\/2020\/12\/CR_AG_FIN_CD05_2020.pdf\">CR\/AGFIN\/2020<\/a>+ <a href=\"https:\/\/hautes-alpes-rugby.fr\/?p=961\">L\u2019Assembl\u00e9e G\u00e9n\u00e9rale Elective <\/a>+ <a href=\"https:\/\/hautes-alpes-rugby.fr\/wp-content\/uploads\/2021\/02\/CR_AG_Elective_2021.pdf\">CR\/AG Elective<\/a><\/p>\n<p><strong>2021<\/strong> :\u00a0 <a href=\"https:\/\/hautes-alpes-rugby.fr\/?p=1350\">Assembl\u00e9e G\u00e9n\u00e9rale Ordinaire 2021<\/a><\/p>\n<p><strong>2022<\/strong> : \u00a0<a href=\"https:\/\/hautes-alpes-rugby.fr\/?p=1552\">Une Assembl\u00e9e \u2026<\/a><\/p>\n<p><strong>2023<\/strong> :\u00a0<\/p>\n<p><strong>2024<\/strong> : <a href=\"https:\/\/hautes-alpes-rugby.fr\/?p=2026\">L\u2019Assembl\u00e9e G\u00e9n\u00e9rale 2024\u00a0<\/a><\/p>\n<p><strong>2025<\/strong> : <a href=\"https:\/\/hautes-alpes-rugby.fr\/?p=2062\">Assembl\u00e9e G\u00e9n\u00e9rale \u00e9lective \u2026<\/a>et <a href=\"https:\/\/hautes-alpes-rugby.fr\/?p=2087\">Une Assembl\u00e9e G\u00e9n\u00e9rale \u2026, <\/a><a href=\"https:\/\/hautes-alpes-rugby.fr\/?p=2246\">Le CD 05 r\u00e9uni \u00e0 Embrun \u2026, <\/a><a href=\"https:\/\/hautes-alpes-rugby.fr\/?p=2202\">Une Assembl\u00e9e G\u00e9n\u00e9rale en comit\u00e9 restreint \u2026<\/a><\/p>\n<h3><strong><em>Historique des diverses r\u00e9unions du Comit\u00e9 D\u00e9partemental :<\/em><\/strong><\/h3>\n<p><strong>2013<\/strong> : <a href=\"https:\/\/hautes-alpes-rugby.fr\/wp-content\/uploads\/2019\/07\/R\u00e9union_Bureau_Directeur_5_4_2013.pdf\">R\u00e9union du Bureau Directeur du 5\/4\/2013<\/a><\/p>\n<p><strong>2014<\/strong> : <a href=\"https:\/\/hautes-alpes-rugby.fr\/wp-content\/uploads\/2019\/07\/R\u00e9union_Bureau_Directeur_10_6_14.pdf\">R\u00e9union du Bureau Directeur du 10\/6\/14 et du <\/a><a href=\"https:\/\/hautes-alpes-rugby.fr\/wp-content\/uploads\/2019\/07\/R\u00e9union_Bureau_Directeur_22_12_14.pdf\">22\/12\/14<\/a><\/p>\n<p><strong>2015<\/strong> :\u00a0<a href=\"https:\/\/hautes-alpes-rugby.fr\/wp-content\/uploads\/2019\/07\/R\u00e9union_Bureau_Directeur_11_06_15.pdf\">R\u00e9union Bureau Directeur du 11\/06\/15<\/a><\/p>\n<p><strong>2016<\/strong>\u00a0:\u00a0<a href=\"https:\/\/hautes-alpes-rugby.fr\/wp-content\/uploads\/2019\/07\/CR-r\u00e9u-du-10.03.16-1.pdf\">R\u00e9union du 10\/03\/16<\/a><\/p>\n<p><strong>2017<\/strong> : <a href=\"https:\/\/hautes-alpes-rugby.fr\/wp-content\/uploads\/2019\/07\/R\u00e9union_Bureau_Directeur_23_1_17.pdf\">R\u00e9union du Bureau Directeur du 23\/1\/17<\/a> et du <a href=\"https:\/\/hautes-alpes-rugby.fr\/wp-content\/uploads\/2019\/07\/R\u00e9union_Bureau_Directeur_09_03_17.pdf\">09\/03\/17<\/a><\/p>\n<p><strong>2019<\/strong> : <a href=\"https:\/\/hautes-alpes-rugby.fr\/wp-content\/uploads\/2019\/07\/R\u00e9union_Commission_scolaire_2019.pdf\">R\u00e9union de la Commission Scolaire <\/a><a href=\"https:\/\/hautes-alpes-rugby.fr\/?p=367\">et du 6\/06\/19 + <\/a><a href=\"https:\/\/hautes-alpes-rugby.fr\/?p=762\">\u00a0St Joseph<\/a><\/p>\n<p><strong>2020<\/strong> : <a href=\"https:\/\/hautes-alpes-rugby.fr\/?p=768\">R\u00e9union de la Commission mixte scolaire <\/a>+ <a href=\"https:\/\/hautes-alpes-rugby.fr\/?p=799\">\u00a0Structuration \/Ligue<\/a><\/p>\n<p><strong>2021<\/strong> : <a href=\"https:\/\/hautes-alpes-rugby.fr\/?p=927\">Les s\u00e9ances pr\u00e9paratoires \u00e0 l\u2019A.G. \u00e9lective du 21 janvier<\/a><\/p>\n<p><strong>2022<\/strong> : <a href=\"https:\/\/hautes-alpes-rugby.fr\/?p=1627\">R\u00e9union bi-d\u00e9partementale \u00e0 Sisteron<\/a><\/p>\n<p><strong>2023<\/strong> : <a href=\"https:\/\/hautes-alpes-rugby.fr\/?p=1871\">La commission \u00ab ECOL\u2019OVALE \u00bb mixte\u00a0 et <\/a><a href=\"https:\/\/hautes-alpes-rugby.fr\/?p=1640\">R\u00e9union de la Commission Scolaire<\/a><\/p>\n<h4>Historique des\u00a0donn\u00e9es statistiques\u00a0R\u00e9gionales et Nationales\u00a0:<\/h4>\n<p><strong>2017<\/strong>\u00a0:\u00a0<a href=\"http:\/\/www.comite-rugby05.com\/images\/professionnel\/441928\/Donnees_au_311017_PACA.pdf\">Donn\u00e9es 2017 PACA<\/a>,\u00a0<a href=\"http:\/\/www.comite-rugby05.com\/images\/professionnel\/441928\/Donnees_nationales_au_311017.pdf\">Donn\u00e9es nationales 2017<\/a><\/p>\n<p><strong>2018<\/strong>\u00a0:<\/p>\n<h3><em>Historique du\u00a0<strong>PROJET ASSOCIATIF<\/strong>\u00a0du Comit\u00e9 D\u00e9partemental :<\/em><\/h3>\n<p><strong>2013 :\u00a0<\/strong><a href=\"https:\/\/hautes-alpes-rugby.fr\/wp-content\/uploads\/2019\/06\/PROJET_ASSOS._CD_05_2013.pdf\">PROJET ASSOS.2013<\/a><strong><br \/><\/strong><\/p>\n<p><strong>2014 :\u00a0<\/strong><a href=\"https:\/\/hautes-alpes-rugby.fr\/wp-content\/uploads\/2019\/06\/PROJET_ASSOS._CD05_2014.pdf\">PROJET ASSOS.2014<\/a><strong><br \/><\/strong><\/p>\n<p><strong>2016 :\u00a0<\/strong><a href=\"https:\/\/hautes-alpes-rugby.fr\/wp-content\/uploads\/2019\/06\/PROJET_ASSOS_CD05_2016.pdf\">PROJET ASSOS.2016<\/a><\/p>\n<p><strong>2018<\/strong> : <a href=\"https:\/\/hautes-alpes-rugby.fr\/wp-content\/uploads\/2019\/02\/PROJET-ASSOS_CD05_2017.pdf\">PROJET ASSOS.2017<\/a><\/p>\n<p><strong>2019<\/strong> : <a href=\"https:\/\/hautes-alpes-rugby.fr\/wp-content\/uploads\/2019\/03\/PROJET-ASSOS_CD05_2019.pdf\">PROJET ASSOS.2019<\/a><\/p>\n<p><strong>2020<\/strong> : <a href=\"https:\/\/hautes-alpes-rugby.fr\/wp-content\/uploads\/2021\/01\/POS-CD05-Mai-2020-VDEF.pdf\">POS CD05<\/a><\/p>\n<p><strong>2021<\/strong> : <a href=\"https:\/\/hautes-alpes-rugby.fr\/wp-content\/uploads\/2021\/10\/PROJET-ASSOS_CD05_2021.pdf\">PROJET ASSOS.2021<\/a><\/p>\n<p><strong>2022<\/strong> : <a href=\"https:\/\/hautes-alpes-rugby.fr\/wp-content\/uploads\/2022\/10\/PROJET-ASSOS_CD05_2022.pdf\">PROJET ASSOS 2022<\/a><\/p>\n<p><strong>Son axe \u00ab\u00a0REPRESENTATION\u00a0\u00bb\u00a0<\/strong>fait r\u00e9f\u00e9rence \u00e0 la pr\u00e9sence du comit\u00e9 sur les actions d\u00e9partementales orchestr\u00e9es pa le CDOS 05 qui regroupent les repr\u00e9sentants du\u00a0<strong>Mouvement Sportif Haut Alpin,\u00a0<\/strong>annuellement, sur divers sites<strong>.<\/strong>\u00a0Elles s&rsquo;intitulent<strong>\u00a0\u00ab\u00a0SENTEZ VOUS SPORT\u00a0\u00bb ou \u00ab\u00a0SPORT ENSEMBLE\u00a0\u00bb.\u00a0<\/strong>Le secr\u00e9taire du comit\u00e9 d\u00e9partemental de Rugby a, r\u00e9guli\u00e8rement anim\u00e9 des situations de pratique \u00e0 caract\u00e8re\u00a0<strong>ludique<\/strong>,\u00a0<strong>gestuel<\/strong> et\u00a0<strong>interg\u00e9n\u00e9rationnel<\/strong>\u00a0\u00e0 Embrun, St Bonnet, Serres et sur la plaine des sports \u00e0 Gap en 2015.<strong><br \/><\/strong><\/p>\n<p><strong>\u00ab\u00a0Sant\u00e9 vous Sport\u00a0\u00bb<\/strong>\u00a0\u00e0 Serres, St Bonnet et Veynes.<\/p>\n<p><img loading=\"lazy\" decoding=\"async\" class=\"alignnone  wp-image-708\" src=\"https:\/\/hautes-alpes-rugby.fr\/wp-content\/uploads\/2019\/08\/Germanette-300x161.jpg\" alt=\"\" width=\"349\" height=\"187\" srcset=\"https:\/\/hautes-alpes-rugby.fr\/wp-content\/uploads\/2019\/08\/Germanette-300x161.jpg 300w, https:\/\/hautes-alpes-rugby.fr\/wp-content\/uploads\/2019\/08\/Germanette-768x413.jpg 768w, https:\/\/hautes-alpes-rugby.fr\/wp-content\/uploads\/2019\/08\/Germanette-1024x551.jpg 1024w, https:\/\/hautes-alpes-rugby.fr\/wp-content\/uploads\/2019\/08\/Germanette.jpg 1358w\" sizes=\"auto, (max-width: 349px) 100vw, 349px\" \/><\/p>\n<p><img loading=\"lazy\" decoding=\"async\" class=\" wp-image-706 aligncenter\" src=\"https:\/\/hautes-alpes-rugby.fr\/wp-content\/uploads\/2019\/08\/St-Bonnet3-300x206.jpg\" alt=\"\" width=\"325\" height=\"223\" srcset=\"https:\/\/hautes-alpes-rugby.fr\/wp-content\/uploads\/2019\/08\/St-Bonnet3-300x206.jpg 300w, https:\/\/hautes-alpes-rugby.fr\/wp-content\/uploads\/2019\/08\/St-Bonnet3-768x528.jpg 768w, https:\/\/hautes-alpes-rugby.fr\/wp-content\/uploads\/2019\/08\/St-Bonnet3.jpg 845w\" sizes=\"auto, (max-width: 325px) 100vw, 325px\" \/><\/p>\n<p><img loading=\"lazy\" decoding=\"async\" class=\"alignnone  wp-image-709\" src=\"https:\/\/hautes-alpes-rugby.fr\/wp-content\/uploads\/2019\/08\/Veynes_1-300x188.jpg\" alt=\"\" width=\"324\" height=\"203\" srcset=\"https:\/\/hautes-alpes-rugby.fr\/wp-content\/uploads\/2019\/08\/Veynes_1-300x188.jpg 300w, https:\/\/hautes-alpes-rugby.fr\/wp-content\/uploads\/2019\/08\/Veynes_1-768x480.jpg 768w, https:\/\/hautes-alpes-rugby.fr\/wp-content\/uploads\/2019\/08\/Veynes_1.jpg 964w\" sizes=\"auto, (max-width: 324px) 100vw, 324px\" \/><\/p>\n<p><strong>\u00ab\u00a0Sport Handicap\u00a0\u00bb<\/strong>\u00a0\u00e0 Gap et Embrun en 2014, 2015 et 2016<\/p>\n<p>Photos :\u00a0<strong><em>Christel Arnaud<\/em><\/strong><\/p>\n<p><strong>En 2017, l&rsquo;op\u00e9ration \u00ab\u00a0Sentez-vous Sport\u00a0\u00bb s&rsquo;est d\u00e9roul\u00e9e\u00a0\u00e0 nouveau \u00e0 Veynes, sur le site du \u00ab\u00a0Plan d&rsquo;eau des Iscles\u00a0\u00bb le 30 septembre.<em><br \/><\/em><\/strong><\/p>\n<p><strong>La situation mise en place :\u00a0le \u00ab\u00a0TENNIS RUGBY\u00a0\u00bb a connu un vif succ\u00e8s.<\/strong><\/p>\n<p><strong>Le 22 septembre 2018, \u00e0<\/strong> <strong>Veynes<\/strong>\u00a0: <em><strong><a href=\"https:\/\/hautes-alpes-rugby.fr\/?p=219\">F\u00eate du Sport en Famille<\/a><\/strong><\/em><\/p>\n<p><strong>Le 21 septembre 2019 \u00e0 St Bonnet en Champsau<\/strong>r :\u00a0<em><strong><a href=\"https:\/\/hautes-alpes-rugby.fr\/?p=719\">\u00ab\u00a0Sentez-Vous-Sport\u00a0\u00bb<\/a><\/strong><\/em><\/p>\n<p>Peu apr\u00e8s sa cr\u00e9ation, le Comit\u00e9 D\u00e9partemental avait fait l&rsquo;objet d&rsquo;un article dans la presse sp\u00e9cialis\u00e9e :<strong>\u00a0\u00ab\u00a0XV MAGAZINE\u00a0\u00bb.\u00a0<\/strong>Ces deux pages de texte \u00e9taient r\u00e9dig\u00e9es par un jeune journaliste local :<strong>\u00a0Lionel ARCE MENSO.<\/strong><\/p>\n<p><strong>\u00a0<\/strong>Il titrait<strong> : <a href=\"https:\/\/hautes-alpes-rugby.fr\/wp-content\/uploads\/2019\/08\/Le-Rugby-au-pays-du-Ski.pdf\">Le Rugby au pays du Ski<\/a><br \/><\/strong><\/p>\n<p>Son dernier paragraphe fait r\u00e9f\u00e9rence \u00e0 un document con\u00e7u dans les Hautes Alpes, \u00e9dit\u00e9 par le CDDP et repris par la revue f\u00e9d\u00e9rale \u00ab\u00a0XV Magazine\u00a0\u00bb<strong> : LE RUGBY PAR LES JEUX \u00e0 l&rsquo;\u00e9cole \u00e9l\u00e9mentaire. <a href=\"https:\/\/hautes-alpes-rugby.fr\/wp-content\/uploads\/2019\/07\/Rugby_par_les_Jeux.pdf\">Document int\u00e9gral<\/a><br \/><\/strong><\/p>\n<p><img loading=\"lazy\" decoding=\"async\" class=\" wp-image-621 aligncenter\" src=\"https:\/\/hautes-alpes-rugby.fr\/wp-content\/uploads\/2019\/07\/Page-de-garde-218x300.jpg\" alt=\"\" width=\"300\" height=\"413\" srcset=\"https:\/\/hautes-alpes-rugby.fr\/wp-content\/uploads\/2019\/07\/Page-de-garde-218x300.jpg 218w, https:\/\/hautes-alpes-rugby.fr\/wp-content\/uploads\/2019\/07\/Page-de-garde.jpg 290w\" sizes=\"auto, (max-width: 300px) 100vw, 300px\" \/><\/p>\n<p>Une mise \u00e0 jour de ce document p\u00e9dagogique est pr\u00eate en page \u00ab\u00a0<strong><a href=\"https:\/\/hautes-alpes-rugby.fr\/?page_id=76\">RUGBY SCOLAIRE \u00ab\u00a0<\/a><\/strong>. Elle permet la pratique du Rugby en cour de r\u00e9cr\u00e9ation, sur les plateaux d&rsquo;E.P.S. ou en salle de Sport.<\/p>\n<p>Son principe est toujours le m\u00eame et fait appel, sans d\u00e9tour \u00e0 l&rsquo;<strong>activit\u00e9 ludique<\/strong>\u00a0de l&rsquo;enfant \u00e0 tout moment.<strong><br \/><\/strong><\/p>\n<p>Ce document et son actualisation sont t\u00e9l\u00e9chargeables au format \u00ab\u00a0pdf\u00a0\u00bb.<\/p>\n<p><strong>Pages 1 \u00e0 13<\/strong>\u00a0: D\u00e9marche p\u00e9dagogique&#8230;\u00a0<a href=\"https:\/\/hautes-alpes-rugby.fr\/wp-content\/uploads\/2019\/07\/Rugby_par_les_jeux_1_12.pdf\">Rugby par les jeux (1 \u00e0 12)<\/a><\/p>\n<p>Les unit\u00e9s d&rsquo;apprentissage, l&rsquo;\u00e9volution de la situation de r\u00e9f\u00e9rence &#8230;<\/p>\n<p><strong>Pages 13 \u00e0 27<\/strong>\u00a0: Les jeux p\u00e9dagogiques &#8230;<a href=\"https:\/\/hautes-alpes-rugby.fr\/wp-content\/uploads\/2019\/07\/Rugby_par_les_jeux_13_27.pdf\">Rugby par les jeux (13 \u00e0 27)<\/a><\/p>\n<p>L&rsquo;Epervier, le b\u00e9ret, le gagne terrain, la Passe \u00e0 10, Gendarmes<\/p>\n<p>Voleurs, la Th\u00e8que, &#8230;<\/p>\n<p><strong>Paru<\/strong> : adaptation pour la pratique en tous lieux en page \u00ab\u00a0RUGBY SCOLAIRE\u00a0\u00bb\u00a0<\/p>\n<p><em><strong>13 nouvelles fiches<\/strong><\/em> pour un <strong>\u00ab\u00a0RUGBY TOUT TERRAIN\u00a0\u00bb\u00a0<\/strong><\/p>\n<address><strong>Vos commentaires<\/strong>\u00a0\u00e0 l&rsquo;adresse de l&rsquo;auteur :<a href=\"mailto:jmarc.burle@wanadoo.fr\"> burlejeanmarc@gmail.com<\/a><\/address>\n\n\n<p><\/p>\n","protected":false},"excerpt":{"rendered":"<p>Tous ces documents sont consign\u00e9s dans le Cahier des d\u00e9lib\u00e9rations consultable \u00e0 tout moment chez le secr\u00e9taire du comit\u00e9. Historique des Assembl\u00e9es G\u00e9n\u00e9rales du Comit\u00e9 D\u00e9partemental : 2012\u00a0:\u00a0CR\/AG\/2012 2013\u00a0:\u00a0CR\/AG\/2013 2014\u00a0:\u00a0CR\/AG\/2014 2015\u00a0:\u00a0CR\/AG\/2015 2016\u00a0: 2017\u00a0:\u00a0CR\/AG\/2016_17\u00a0 + AG_2017 2018 : CR\/AG\/2018 2019 : CR\/AG\/2019 + Statuts et R\u00e8glement int\u00e9rieur du CD 05 2020 : CR\/AGOR\/2020 + CR\/AGFIN\/2020+ L\u2019Assembl\u00e9e &hellip; <a href=\"https:\/\/hautes-alpes-rugby.fr\/?page_id=60\" class=\"more-link\">Continuer la lecture de <span class=\"screen-reader-text\">DOCUMENTS<\/span><\/a><\/p>\n","protected":false},"author":1,"featured_media":0,"parent":0,"menu_order":0,"comment_status":"closed","ping_status":"closed","template":"","meta":{"footnotes":""},"class_list":["post-60","page","type-page","status-publish","hentry"],"_links":{"self":[{"href":"https:\/\/hautes-alpes-rugby.fr\/index.php?rest_route=\/wp\/v2\/pages\/60","targetHints":{"allow":["GET"]}}],"collection":[{"href":"https:\/\/hautes-alpes-rugby.fr\/index.php?rest_route=\/wp\/v2\/pages"}],"about":[{"href":"https:\/\/hautes-alpes-rugby.fr\/index.php?rest_route=\/wp\/v2\/types\/page"}],"author":[{"embeddable":true,"href":"https:\/\/hautes-alpes-rugby.fr\/index.php?rest_route=\/wp\/v2\/users\/1"}],"replies":[{"embeddable":true,"href":"https:\/\/hautes-alpes-rugby.fr\/index.php?rest_route=%2Fwp%2Fv2%2Fcomments&post=60"}],"version-history":[{"count":68,"href":"https:\/\/hautes-alpes-rugby.fr\/index.php?rest_route=\/wp\/v2\/pages\/60\/revisions"}],"predecessor-version":[{"id":2265,"href":"https:\/\/hautes-alpes-rugby.fr\/index.php?rest_route=\/wp\/v2\/pages\/60\/revisions\/2265"}],"wp:attachment":[{"href":"https:\/\/hautes-alpes-rugby.fr\/index.php?rest_route=%2Fwp%2Fv2%2Fmedia&parent=60"}],"curies":[{"name":"wp","href":"https:\/\/api.w.org\/{rel}","templated":true}]}}