{"id":68,"date":"2018-07-09T12:00:44","date_gmt":"2018-07-09T10:00:44","guid":{"rendered":"http:\/\/hautes-alpes-rugby.fr\/?page_id=68"},"modified":"2025-03-11T10:15:05","modified_gmt":"2025-03-11T09:15:05","slug":"commission-technique-04-05","status":"publish","type":"page","link":"https:\/\/hautes-alpes-rugby.fr\/?page_id=68","title":{"rendered":"COMMISSION TECHNIQUE 04\/05"},"content":{"rendered":"<p><img loading=\"lazy\" decoding=\"async\" class=\"size-full wp-image-202 alignright\" src=\"https:\/\/hautes-alpes-rugby.fr\/wp-content\/uploads\/2018\/08\/logo_CT_04_05.jpg\" alt=\"\" width=\"200\" height=\"200\" srcset=\"https:\/\/hautes-alpes-rugby.fr\/wp-content\/uploads\/2018\/08\/logo_CT_04_05.jpg 200w, https:\/\/hautes-alpes-rugby.fr\/wp-content\/uploads\/2018\/08\/logo_CT_04_05-150x150.jpg 150w, https:\/\/hautes-alpes-rugby.fr\/wp-content\/uploads\/2018\/08\/logo_CT_04_05-100x100.jpg 100w\" sizes=\"auto, (max-width: 200px) 100vw, 200px\" \/><\/p>\n<p>Elle regroupe les repr\u00e9sentants des clubs des deux d\u00e9partements \u00e0 fr\u00e9quence variable.<\/p>\n<h3><strong>Historique des r\u00e9unions de la Commission Technique<\/strong>\u00a0<strong>:<\/strong><\/h3>\n<p><strong>\u00a02012 :\u00a0<\/strong> <a href=\"https:\/\/hautes-alpes-rugby.fr\/wp-content\/uploads\/2019\/06\/CR_12_11_12.pdf\">12\/11 \u00e0 St Jean Montclar<\/a><a href=\"http:\/\/www.comite-rugby05.com\/images\/professionnel\/441928\/CR_CT_12_11_12.pdf\">,\u00a0<\/a><a href=\"https:\/\/hautes-alpes-rugby.fr\/wp-content\/uploads\/2019\/06\/CR_03_12_12.pdf\">03\/12 \u00e0 Sisteron<\/a><a href=\"http:\/\/www.comite-rugby05.com\/images\/professionnel\/441928\/CR_CT_03_12_12.pdf\">.\u00a0<\/a><\/p>\n<p><strong>\u00a02013 :\u00a0<\/strong><a href=\"https:\/\/hautes-alpes-rugby.fr\/wp-content\/uploads\/2019\/06\/CR_14_01_13.pdf\">14\/01 \u00e0 Digne<\/a><a href=\"http:\/\/www.comite-rugby05.com\/images\/professionnel\/441928\/CR_CT_14_01_13.pdf\">,\u00a0\u00a0<\/a><a href=\"https:\/\/hautes-alpes-rugby.fr\/wp-content\/uploads\/2019\/06\/CR_4_2_13.pdf\">4\/02 \u00e0 Manosque<\/a><a href=\"http:\/\/www.comite-rugby05.com\/images\/professionnel\/441928\/CR_CT_4_2_13.pdf\">,\u00a0\u00a0<\/a><a href=\"https:\/\/hautes-alpes-rugby.fr\/wp-content\/uploads\/2019\/06\/CR_4_03_13.pdf\">4\/03 \u00e0 Vinon\/V<\/a><a href=\"http:\/\/www.comite-rugby05.com\/images\/professionnel\/441928\/CR_CT_4_03_13.pdf\">,\u00a0\u00a0<\/a><a href=\"https:\/\/hautes-alpes-rugby.fr\/wp-content\/uploads\/2019\/06\/CR_8_04_13.pdf\">8\/04 \u00e0 Pertuis<\/a><a href=\"http:\/\/www.comite-rugby05.com\/images\/professionnel\/441928\/CR_CT_8_04_13.pdf\">, <\/a><a href=\"https:\/\/hautes-alpes-rugby.fr\/wp-content\/uploads\/2019\/06\/CR_09_09_13.pdf\">9\/09 \u00e0 Gap<\/a><a href=\"http:\/\/www.comite-rugby05.com\/images\/professionnel\/441928\/CR_CT_09_09_13.pdf\">, <\/a><a href=\"https:\/\/hautes-alpes-rugby.fr\/wp-content\/uploads\/2019\/06\/CR_21_10_13.pdf\">21\/10 \u00e0 Vernet<\/a><a href=\"http:\/\/www.comite-rugby05.com\/images\/professionnel\/441928\/CR_CT_21_10_13.pdf\">.<\/a><strong><br \/>\n<\/strong><\/p>\n<p><strong>\u00a02014 :\u00a0<\/strong><a href=\"https:\/\/hautes-alpes-rugby.fr\/wp-content\/uploads\/2019\/06\/CR_07_04_14.pdf\">07\/04 \u00e0 Pertuis<\/a><a href=\"http:\/\/www.comite-rugby05.com\/images\/professionnel\/441928\/CR_CT_07_04_14.pdf\">,\u00a0<\/a><a href=\"https:\/\/hautes-alpes-rugby.fr\/wp-content\/uploads\/2019\/06\/CR_05_05_14.pdf\">05\/05 \u00e0 Gr\u00e9oux.<\/a><strong><br \/>\n<\/strong><\/p>\n<p><strong>\u00a02015 :\u00a0<\/strong><a href=\"https:\/\/hautes-alpes-rugby.fr\/wp-content\/uploads\/2019\/06\/CR_09_02_15.pdf\">09\/02 et <\/a><a href=\"https:\/\/hautes-alpes-rugby.fr\/wp-content\/uploads\/2019\/06\/CR_09_11_15.pdf\">09\/11 \u00e0 Sisteron<\/a><strong><br \/>\n<\/strong><\/p>\n<p><strong>\u00a02016 :<\/strong>\u00a0<a href=\"https:\/\/hautes-alpes-rugby.fr\/wp-content\/uploads\/2019\/06\/CR_18_01_16.pdf\">18\/01 \u00e0 Manosque<\/a><a href=\"http:\/\/www.comite-rugby05.com\/images\/professionnel\/441928\/CR_CT_18_01_16.pdf\">,\u00a0<\/a><a href=\"https:\/\/hautes-alpes-rugby.fr\/wp-content\/uploads\/2019\/06\/CR_07_03_16.pdf\">07\/03 \u00e0 Vinon\/V<\/a><a href=\"http:\/\/www.comite-rugby05.com\/images\/professionnel\/441928\/COMPTE_RENDU_DE_LA_COMMISSION_TECHNIQUE_DU_18_04_2016.pdf\">, <\/a><a href=\"https:\/\/hautes-alpes-rugby.fr\/wp-content\/uploads\/2019\/06\/CR_24_10_16.pdf\">24\/10 \u00e0 Sisteron<\/a><a href=\"http:\/\/www.comite-rugby05.com\/images\/professionnel\/441928\/CR_CT_24_10_16.pdf\">,\u00a0<\/a><a href=\"https:\/\/hautes-alpes-rugby.fr\/wp-content\/uploads\/2019\/06\/CR_12_12_16.pdf\">12\/12 \u00e0 Digne<\/a><a href=\"http:\/\/www.comite-rugby05.com\/images\/professionnel\/441928\/CR_CT_12_12_16.pdf\">.<\/a><strong><br \/>\n<\/strong><\/p>\n<p><strong>\u00a02017 : <\/strong><a href=\"https:\/\/hautes-alpes-rugby.fr\/wp-content\/uploads\/2019\/06\/CR_27_02_17.pdf\">27\/02 \u00e0 Gap, <\/a><a href=\"https:\/\/hautes-alpes-rugby.fr\/wp-content\/uploads\/2019\/06\/CR_12_09_05_17.pdf\">09\/05 \u00e0 Oraison,<\/a> <a href=\"https:\/\/hautes-alpes-rugby.fr\/wp-content\/uploads\/2019\/06\/CR_28_09_17.pdf\">28\/09 \u00e0 Gap.<\/a><strong><br \/>\n<\/strong><\/p>\n<p><strong>\u00a02018 :\u00a0<\/strong><\/p>\n<p><strong>\u00a02019 :<\/strong>\u00a0<a href=\"https:\/\/hautes-alpes-rugby.fr\/wp-content\/uploads\/2019\/02\/CR_CT_28_01_119_SteTULLE.pdf\">28\/01 \u00e0 Ste Tulle, <\/a><a href=\"https:\/\/hautes-alpes-rugby.fr\/wp-content\/uploads\/2019\/06\/CR_24_06_19.pdf\">24\/06 \u00e0 Gap,\u00a0 <\/a>et <a href=\"https:\/\/hautes-alpes-rugby.fr\/wp-content\/uploads\/2019\/09\/CR_09_09_19.pdf\">09\/09 \u00e0 Gap<\/a><\/p>\n<p><strong>2023 :<\/strong> <a href=\"https:\/\/hautes-alpes-rugby.fr\/?p=1627\">R\u00e9union bi-d\u00e9partementale \u00e0 Sisteron<\/a><\/p>\n<p><strong>2025<\/strong> : <a href=\"https:\/\/hautes-alpes-rugby.fr\/wp-content\/uploads\/2025\/03\/PV-commision-technique-Fevrier-2025.pdf\">PV commission technique F\u00e9vrier 2025<\/a><\/p>\n<p><strong><br \/>\n<img loading=\"lazy\" decoding=\"async\" class=\"alignnone  wp-image-714 aligncenter\" src=\"https:\/\/hautes-alpes-rugby.fr\/wp-content\/uploads\/2019\/09\/CT_04_05_9_9_19-300x165.jpg\" alt=\"\" width=\"407\" height=\"224\" srcset=\"https:\/\/hautes-alpes-rugby.fr\/wp-content\/uploads\/2019\/09\/CT_04_05_9_9_19-300x165.jpg 300w, https:\/\/hautes-alpes-rugby.fr\/wp-content\/uploads\/2019\/09\/CT_04_05_9_9_19-768x423.jpg 768w, https:\/\/hautes-alpes-rugby.fr\/wp-content\/uploads\/2019\/09\/CT_04_05_9_9_19-1024x564.jpg 1024w, https:\/\/hautes-alpes-rugby.fr\/wp-content\/uploads\/2019\/09\/CT_04_05_9_9_19.jpg 1379w\" sizes=\"auto, (max-width: 407px) 100vw, 407px\" \/><\/strong><\/p>\n<p>Toutes les infos de la commission sur la\u00a0<strong>page Facebook<\/strong>\u00a0:\u00a0<em><strong>\u00ab\u00a0Rassemblement des Alpes du Sud\u00a0\u00bb<\/strong><\/em><\/p>\n<p><a href=\"https:\/\/www.facebook.com\/rassalpsud\/\"><em><strong>https:\/\/www.facebook.com\/rassalpsud\/<\/strong><\/em><\/a><\/p>\n","protected":false},"excerpt":{"rendered":"<p>Elle regroupe les repr\u00e9sentants des clubs des deux d\u00e9partements \u00e0 fr\u00e9quence variable. Historique des r\u00e9unions de la Commission Technique\u00a0: \u00a02012 :\u00a0 12\/11 \u00e0 St Jean Montclar,\u00a003\/12 \u00e0 Sisteron.\u00a0 \u00a02013 :\u00a014\/01 \u00e0 Digne,\u00a0\u00a04\/02 \u00e0 Manosque,\u00a0\u00a04\/03 \u00e0 Vinon\/V,\u00a0\u00a08\/04 \u00e0 Pertuis, 9\/09 \u00e0 Gap, 21\/10 \u00e0 Vernet. \u00a02014 :\u00a007\/04 \u00e0 Pertuis,\u00a005\/05 \u00e0 Gr\u00e9oux. \u00a02015 :\u00a009\/02 et 09\/11 \u00e0 &hellip; <a href=\"https:\/\/hautes-alpes-rugby.fr\/?page_id=68\" class=\"more-link\">Continuer la lecture de <span class=\"screen-reader-text\">COMMISSION TECHNIQUE 04\/05<\/span><\/a><\/p>\n","protected":false},"author":1,"featured_media":0,"parent":0,"menu_order":0,"comment_status":"closed","ping_status":"closed","template":"","meta":{"footnotes":""},"class_list":["post-68","page","type-page","status-publish","hentry"],"_links":{"self":[{"href":"https:\/\/hautes-alpes-rugby.fr\/index.php?rest_route=\/wp\/v2\/pages\/68","targetHints":{"allow":["GET"]}}],"collection":[{"href":"https:\/\/hautes-alpes-rugby.fr\/index.php?rest_route=\/wp\/v2\/pages"}],"about":[{"href":"https:\/\/hautes-alpes-rugby.fr\/index.php?rest_route=\/wp\/v2\/types\/page"}],"author":[{"embeddable":true,"href":"https:\/\/hautes-alpes-rugby.fr\/index.php?rest_route=\/wp\/v2\/users\/1"}],"replies":[{"embeddable":true,"href":"https:\/\/hautes-alpes-rugby.fr\/index.php?rest_route=%2Fwp%2Fv2%2Fcomments&post=68"}],"version-history":[{"count":26,"href":"https:\/\/hautes-alpes-rugby.fr\/index.php?rest_route=\/wp\/v2\/pages\/68\/revisions"}],"predecessor-version":[{"id":2094,"href":"https:\/\/hautes-alpes-rugby.fr\/index.php?rest_route=\/wp\/v2\/pages\/68\/revisions\/2094"}],"wp:attachment":[{"href":"https:\/\/hautes-alpes-rugby.fr\/index.php?rest_route=%2Fwp%2Fv2%2Fmedia&parent=68"}],"curies":[{"name":"wp","href":"https:\/\/api.w.org\/{rel}","templated":true}]}}