{"id":83,"date":"2018-07-10T09:16:31","date_gmt":"2018-07-10T07:16:31","guid":{"rendered":"http:\/\/hautes-alpes-rugby.fr\/?page_id=83"},"modified":"2025-01-25T16:56:45","modified_gmt":"2025-01-25T15:56:45","slug":"resultats","status":"publish","type":"page","link":"https:\/\/hautes-alpes-rugby.fr\/?page_id=83","title":{"rendered":"RESULTATS"},"content":{"rendered":"<h3><img loading=\"lazy\" decoding=\"async\" class=\"wp-image-1573 size-medium alignright\" src=\"https:\/\/hautes-alpes-rugby.fr\/wp-content\/uploads\/2022\/10\/2-300x300.png\" alt=\"\" width=\"300\" height=\"300\" srcset=\"https:\/\/hautes-alpes-rugby.fr\/wp-content\/uploads\/2022\/10\/2-300x300.png 300w, https:\/\/hautes-alpes-rugby.fr\/wp-content\/uploads\/2022\/10\/2-150x150.png 150w, https:\/\/hautes-alpes-rugby.fr\/wp-content\/uploads\/2022\/10\/2-100x100.png 100w, https:\/\/hautes-alpes-rugby.fr\/wp-content\/uploads\/2022\/10\/2.png 500w\" sizes=\"auto, (max-width: 300px) 100vw, 300px\" \/><\/h3>\n<h3>D\u00e9couvrez tous les r\u00e9sultats des comp\u00e9titions dans lesquelles les clubs du Comit\u00e9 D\u00e9partemental de Rugby des Hautes Alpes sont engag\u00e9s.<\/h3>\n<ul>\n<li>Comp\u00e9titions Nationales<\/li>\n<li>F\u00e9d\u00e9rales<\/li>\n<li>Jeunes<\/li>\n<li>F\u00e9minines &#8230;<\/li>\n<\/ul>\n<p>Suivez le lien : <em><strong><a href=\"https:\/\/comitehautesalpesrugby.ffr.fr\/competitions\">Comp\u00e9titions des \u00e9quipes des\u00a0 Hautes Alpes de Rugby <\/a><\/strong><\/em><\/p>\n<address>Pour la 1\u00e8re s\u00e9rie PACA<strong> :\u00a0<\/strong><\/address><address>Pour la 2\u00e8me s\u00e9rie ALPES<strong> :<\/strong><\/address>\n<p><em>Pour les Cadets PACA :\u00a0<\/em><strong><br \/><\/strong><\/p>\n<p><em>Pour les Juniors PACA :<strong>\u00a0<\/strong><\/em><\/p>\n\n\n<p><\/p>\n","protected":false},"excerpt":{"rendered":"<p>D\u00e9couvrez tous les r\u00e9sultats des comp\u00e9titions dans lesquelles les clubs du Comit\u00e9 D\u00e9partemental de Rugby des Hautes Alpes sont engag\u00e9s. Comp\u00e9titions Nationales F\u00e9d\u00e9rales Jeunes F\u00e9minines &#8230; Suivez le lien : Comp\u00e9titions des \u00e9quipes des\u00a0 Hautes Alpes de Rugby Pour la 1\u00e8re s\u00e9rie PACA :\u00a0 Pour la 2\u00e8me s\u00e9rie ALPES : Pour les Cadets PACA :\u00a0 &hellip; <a href=\"https:\/\/hautes-alpes-rugby.fr\/?page_id=83\" class=\"more-link\">Continuer la lecture de <span class=\"screen-reader-text\">RESULTATS<\/span><\/a><\/p>\n","protected":false},"author":1,"featured_media":0,"parent":0,"menu_order":0,"comment_status":"closed","ping_status":"closed","template":"","meta":{"footnotes":""},"class_list":["post-83","page","type-page","status-publish","hentry"],"_links":{"self":[{"href":"https:\/\/hautes-alpes-rugby.fr\/index.php?rest_route=\/wp\/v2\/pages\/83","targetHints":{"allow":["GET"]}}],"collection":[{"href":"https:\/\/hautes-alpes-rugby.fr\/index.php?rest_route=\/wp\/v2\/pages"}],"about":[{"href":"https:\/\/hautes-alpes-rugby.fr\/index.php?rest_route=\/wp\/v2\/types\/page"}],"author":[{"embeddable":true,"href":"https:\/\/hautes-alpes-rugby.fr\/index.php?rest_route=\/wp\/v2\/users\/1"}],"replies":[{"embeddable":true,"href":"https:\/\/hautes-alpes-rugby.fr\/index.php?rest_route=%2Fwp%2Fv2%2Fcomments&post=83"}],"version-history":[{"count":21,"href":"https:\/\/hautes-alpes-rugby.fr\/index.php?rest_route=\/wp\/v2\/pages\/83\/revisions"}],"predecessor-version":[{"id":2059,"href":"https:\/\/hautes-alpes-rugby.fr\/index.php?rest_route=\/wp\/v2\/pages\/83\/revisions\/2059"}],"wp:attachment":[{"href":"https:\/\/hautes-alpes-rugby.fr\/index.php?rest_route=%2Fwp%2Fv2%2Fmedia&parent=83"}],"curies":[{"name":"wp","href":"https:\/\/api.w.org\/{rel}","templated":true}]}}